{"id":363,"date":"2025-10-24T12:54:55","date_gmt":"2025-10-24T12:54:55","guid":{"rendered":"https:\/\/rscadeau.com\/?page_id=363"},"modified":"2025-10-24T13:18:05","modified_gmt":"2025-10-24T13:18:05","slug":"paiement","status":"publish","type":"page","link":"https:\/\/rscadeau.com\/index.php\/paiement\/","title":{"rendered":"Paiement"},"content":{"rendered":"\t\t<div data-elementor-type=\"wp-page\" data-elementor-id=\"363\" class=\"elementor elementor-363\">\n\t\t\t\t<div class=\"elementor-element elementor-element-567b85f e-flex e-con-boxed e-con e-parent\" data-id=\"567b85f\" data-element_type=\"container\">\n\t\t\t\t\t<div class=\"e-con-inner\">\n\t\t<div class=\"elementor-element elementor-element-afad9d3 e-con-full e-flex e-con e-child\" data-id=\"afad9d3\" data-element_type=\"container\" data-settings=\"{&quot;background_background&quot;:&quot;slideshow&quot;,&quot;background_slideshow_gallery&quot;:[{&quot;id&quot;:356,&quot;url&quot;:&quot;https:\\\/\\\/rscadeau.com\\\/wp-content\\\/uploads\\\/2025\\\/10\\\/Untitled-design-2-4.png&quot;}],&quot;background_slideshow_loop&quot;:&quot;yes&quot;,&quot;background_slideshow_slide_duration&quot;:5000,&quot;background_slideshow_slide_transition&quot;:&quot;fade&quot;,&quot;background_slideshow_transition_duration&quot;:500}\">\n\t\t\t\t<div class=\"elementor-element elementor-element-88c92bb elementor-widget elementor-widget-heading\" data-id=\"88c92bb\" data-element_type=\"widget\" data-widget_type=\"heading.default\">\n\t\t\t\t\t<h2 class=\"elementor-heading-title elementor-size-default\">Politique de Paiement<\/h2>\t\t\t\t<\/div>\n\t\t\t\t<\/div>\n\t\t\t\t\t<\/div>\n\t\t\t\t<\/div>\n\t\t<div class=\"elementor-element elementor-element-75b351f e-flex e-con-boxed e-con e-parent\" data-id=\"75b351f\" data-element_type=\"container\" data-settings=\"{&quot;background_background&quot;:&quot;slideshow&quot;,&quot;background_slideshow_gallery&quot;:[{&quot;id&quot;:356,&quot;url&quot;:&quot;https:\\\/\\\/rscadeau.com\\\/wp-content\\\/uploads\\\/2025\\\/10\\\/Untitled-design-2-4.png&quot;}],&quot;background_slideshow_loop&quot;:&quot;yes&quot;,&quot;background_slideshow_slide_duration&quot;:5000,&quot;background_slideshow_slide_transition&quot;:&quot;fade&quot;,&quot;background_slideshow_transition_duration&quot;:500}\">\n\t\t\t\t\t<div class=\"e-con-inner\">\n\t\t\t\t<div class=\"elementor-element elementor-element-9ad60d3 elementor-widget elementor-widget-text-editor\" data-id=\"9ad60d3\" data-element_type=\"widget\" data-widget_type=\"text-editor.default\">\n\t\t\t\t\t\t\t\t\t<p data-start=\"149\" data-end=\"230\">Pour finaliser votre commande, plusieurs options de paiement sont disponibles :<\/p><h4 data-start=\"232\" data-end=\"274\"><strong data-start=\"237\" data-end=\"274\">1. Paiement par virement bancaire<\/strong><\/h4><p data-start=\"275\" data-end=\"347\">Vous pouvez effectuer votre paiement via l\u2019une des banques suivantes :<\/p><ul data-start=\"348\" data-end=\"408\"><li data-start=\"348\" data-end=\"364\"><p data-start=\"350\" data-end=\"364\"><strong data-start=\"350\" data-end=\"362\">CIH Bank<\/strong><\/p><\/li><li data-start=\"365\" data-end=\"390\"><p data-start=\"367\" data-end=\"390\"><strong data-start=\"367\" data-end=\"388\">Attijariwafa Bank<\/strong><\/p><\/li><li data-start=\"391\" data-end=\"408\"><p data-start=\"393\" data-end=\"408\"><strong data-start=\"393\" data-end=\"406\">BMCE Bank<\/strong><\/p><\/li><\/ul><p data-start=\"410\" data-end=\"496\">Les coordonn\u00e9es bancaires vous seront envoy\u00e9es apr\u00e8s confirmation de votre commande.<\/p><h4 data-start=\"498\" data-end=\"531\"><strong data-start=\"503\" data-end=\"531\">2. Paiement via WhatsApp<\/strong><\/h4><p data-start=\"532\" data-end=\"705\">Pour toute assistance ou pour recevoir les informations bancaires, veuillez nous contacter directement sur WhatsApp :<br data-start=\"649\" data-end=\"652\" \/>\ud83d\udc49 <a class=\"decorated-link cursor-pointer\" target=\"_new\" rel=\"noopener\" data-start=\"655\" data-end=\"705\"><strong data-start=\"656\" data-end=\"676\">+212 719 481 802<\/strong><\/a><\/p>\t\t\t\t\t\t\t\t<\/div>\n\t\t\t\t\t<\/div>\n\t\t\t\t<\/div>\n\t\t\t\t<\/div>\n\t\t","protected":false},"excerpt":{"rendered":"<p>Politique de Paiement Pour finaliser votre commande, plusieurs options de paiement sont disponibles : 1. Paiement par virement bancaire Vous&#8230;<\/p>\n","protected":false},"author":1,"featured_media":0,"parent":0,"menu_order":0,"comment_status":"closed","ping_status":"closed","template":"","meta":{"_monsterinsights_skip_tracking":false,"_monsterinsights_sitenote_active":false,"_monsterinsights_sitenote_note":"","_monsterinsights_sitenote_category":0,"footnotes":""},"class_list":["post-363","page","type-page","status-publish","hentry"],"_links":{"self":[{"href":"https:\/\/rscadeau.com\/index.php\/wp-json\/wp\/v2\/pages\/363","targetHints":{"allow":["GET"]}}],"collection":[{"href":"https:\/\/rscadeau.com\/index.php\/wp-json\/wp\/v2\/pages"}],"about":[{"href":"https:\/\/rscadeau.com\/index.php\/wp-json\/wp\/v2\/types\/page"}],"author":[{"embeddable":true,"href":"https:\/\/rscadeau.com\/index.php\/wp-json\/wp\/v2\/users\/1"}],"replies":[{"embeddable":true,"href":"https:\/\/rscadeau.com\/index.php\/wp-json\/wp\/v2\/comments?post=363"}],"version-history":[{"count":7,"href":"https:\/\/rscadeau.com\/index.php\/wp-json\/wp\/v2\/pages\/363\/revisions"}],"predecessor-version":[{"id":387,"href":"https:\/\/rscadeau.com\/index.php\/wp-json\/wp\/v2\/pages\/363\/revisions\/387"}],"wp:attachment":[{"href":"https:\/\/rscadeau.com\/index.php\/wp-json\/wp\/v2\/media?parent=363"}],"curies":[{"name":"wp","href":"https:\/\/api.w.org\/{rel}","templated":true}]}}