{"id":369,"date":"2025-10-24T13:01:27","date_gmt":"2025-10-24T13:01:27","guid":{"rendered":"https:\/\/rscadeau.com\/?page_id=369"},"modified":"2025-10-24T13:18:49","modified_gmt":"2025-10-24T13:18:49","slug":"contacter-nous","status":"publish","type":"page","link":"https:\/\/rscadeau.com\/index.php\/contacter-nous\/","title":{"rendered":"Contactez-nous"},"content":{"rendered":"\t\t<div data-elementor-type=\"wp-page\" data-elementor-id=\"369\" class=\"elementor elementor-369\">\n\t\t\t\t<div class=\"elementor-element elementor-element-567b85f e-flex e-con-boxed e-con e-parent\" data-id=\"567b85f\" data-element_type=\"container\">\n\t\t\t\t\t<div class=\"e-con-inner\">\n\t\t<div class=\"elementor-element elementor-element-afad9d3 e-con-full e-flex e-con e-child\" data-id=\"afad9d3\" data-element_type=\"container\" data-settings=\"{&quot;background_background&quot;:&quot;slideshow&quot;,&quot;background_slideshow_gallery&quot;:[{&quot;id&quot;:356,&quot;url&quot;:&quot;https:\\\/\\\/rscadeau.com\\\/wp-content\\\/uploads\\\/2025\\\/10\\\/Untitled-design-2-4.png&quot;}],&quot;background_slideshow_loop&quot;:&quot;yes&quot;,&quot;background_slideshow_slide_duration&quot;:5000,&quot;background_slideshow_slide_transition&quot;:&quot;fade&quot;,&quot;background_slideshow_transition_duration&quot;:500}\">\n\t\t\t\t<div class=\"elementor-element elementor-element-88c92bb elementor-widget elementor-widget-heading\" data-id=\"88c92bb\" data-element_type=\"widget\" data-widget_type=\"heading.default\">\n\t\t\t\t\t<h2 class=\"elementor-heading-title elementor-size-default\">Contactez-nous<\/h2>\t\t\t\t<\/div>\n\t\t\t\t<\/div>\n\t\t\t\t\t<\/div>\n\t\t\t\t<\/div>\n\t\t<div class=\"elementor-element elementor-element-75b351f e-flex e-con-boxed e-con e-parent\" data-id=\"75b351f\" data-element_type=\"container\" data-settings=\"{&quot;background_background&quot;:&quot;slideshow&quot;,&quot;background_slideshow_gallery&quot;:[{&quot;id&quot;:356,&quot;url&quot;:&quot;https:\\\/\\\/rscadeau.com\\\/wp-content\\\/uploads\\\/2025\\\/10\\\/Untitled-design-2-4.png&quot;}],&quot;background_slideshow_loop&quot;:&quot;yes&quot;,&quot;background_slideshow_slide_duration&quot;:5000,&quot;background_slideshow_slide_transition&quot;:&quot;fade&quot;,&quot;background_slideshow_transition_duration&quot;:500}\">\n\t\t\t\t\t<div class=\"e-con-inner\">\n\t\t\t\t<div class=\"elementor-element elementor-element-9ad60d3 elementor-widget elementor-widget-text-editor\" data-id=\"9ad60d3\" data-element_type=\"widget\" data-widget_type=\"text-editor.default\">\n\t\t\t\t\t\t\t\t\t<p data-start=\"137\" data-end=\"289\">\u00a0<\/p><p data-start=\"137\" data-end=\"289\">\u00a0<\/p><p data-start=\"137\" data-end=\"289\">\u00a0<\/p><p data-start=\"137\" data-end=\"289\"><strong>Besoin de confirmer votre commande ou de d\u00e9couvrir plusieurs mod\u00e8les avant de choisir ?<\/strong><br data-start=\"224\" data-end=\"227\" \/>Notre \u00e9quipe est \u00e0 votre \u00e9coute et pr\u00eate \u00e0 vous aider ! <img decoding=\"async\" class=\"emoji\" role=\"img\" draggable=\"false\" src=\"https:\/\/s.w.org\/images\/core\/emoji\/16.0.1\/svg\/1f338.svg\" alt=\"\ud83c\udf38\" \/><img decoding=\"async\" class=\"emoji\" role=\"img\" draggable=\"false\" src=\"https:\/\/s.w.org\/images\/core\/emoji\/16.0.1\/svg\/1f36b.svg\" alt=\"\ud83c\udf6b\" \/><\/p><p data-start=\"291\" data-end=\"463\"><img decoding=\"async\" class=\"emoji\" role=\"img\" draggable=\"false\" src=\"https:\/\/s.w.org\/images\/core\/emoji\/16.0.1\/svg\/1f4ac.svg\" alt=\"\ud83d\udcac\" \/> <strong data-start=\"294\" data-end=\"337\">Contactez-nous directement sur WhatsApp<\/strong>\u00a0<\/p><p data-start=\"291\" data-end=\"463\">pour toute question, confirmation ou envoi de mod\u00e8les personnalis\u00e9s :<br data-start=\"407\" data-end=\"410\" \/><img decoding=\"async\" class=\"emoji\" role=\"img\" draggable=\"false\" src=\"https:\/\/s.w.org\/images\/core\/emoji\/16.0.1\/svg\/1f449.svg\" alt=\"\ud83d\udc49\" \/> <a class=\"decorated-link cursor-pointer\" target=\"_new\" rel=\"noopener\" data-start=\"413\" data-end=\"463\"><strong data-start=\"414\" data-end=\"434\">+212 719 481 802<\/strong><\/a><\/p><p data-start=\"465\" data-end=\"540\">Nous vous r\u00e9pondrons rapidement avec toutes les informations n\u00e9cessaires.<\/p>\t\t\t\t\t\t\t\t<\/div>\n\t\t\t\t\t<\/div>\n\t\t\t\t<\/div>\n\t\t\t\t<\/div>\n\t\t","protected":false},"excerpt":{"rendered":"<p>Contactez-nous \u00a0 \u00a0 \u00a0 Besoin de confirmer votre commande ou de d\u00e9couvrir plusieurs mod\u00e8les avant de choisir ?Notre \u00e9quipe est&#8230;<\/p>\n","protected":false},"author":1,"featured_media":0,"parent":0,"menu_order":0,"comment_status":"closed","ping_status":"closed","template":"","meta":{"_monsterinsights_skip_tracking":false,"_monsterinsights_sitenote_active":false,"_monsterinsights_sitenote_note":"","_monsterinsights_sitenote_category":0,"footnotes":""},"class_list":["post-369","page","type-page","status-publish","hentry"],"_links":{"self":[{"href":"https:\/\/rscadeau.com\/index.php\/wp-json\/wp\/v2\/pages\/369","targetHints":{"allow":["GET"]}}],"collection":[{"href":"https:\/\/rscadeau.com\/index.php\/wp-json\/wp\/v2\/pages"}],"about":[{"href":"https:\/\/rscadeau.com\/index.php\/wp-json\/wp\/v2\/types\/page"}],"author":[{"embeddable":true,"href":"https:\/\/rscadeau.com\/index.php\/wp-json\/wp\/v2\/users\/1"}],"replies":[{"embeddable":true,"href":"https:\/\/rscadeau.com\/index.php\/wp-json\/wp\/v2\/comments?post=369"}],"version-history":[{"count":8,"href":"https:\/\/rscadeau.com\/index.php\/wp-json\/wp\/v2\/pages\/369\/revisions"}],"predecessor-version":[{"id":390,"href":"https:\/\/rscadeau.com\/index.php\/wp-json\/wp\/v2\/pages\/369\/revisions\/390"}],"wp:attachment":[{"href":"https:\/\/rscadeau.com\/index.php\/wp-json\/wp\/v2\/media?parent=369"}],"curies":[{"name":"wp","href":"https:\/\/api.w.org\/{rel}","templated":true}]}}