{"id":218,"date":"2025-10-20T12:36:08","date_gmt":"2025-10-20T12:36:08","guid":{"rendered":"https:\/\/rscadeau.com\/?post_type=product&#038;p=218"},"modified":"2026-04-06T19:39:21","modified_gmt":"2026-04-06T19:39:21","slug":"chocofleurs","status":"publish","type":"product","link":"https:\/\/rscadeau.com\/index.php\/product\/chocofleurs\/","title":{"rendered":"ChocoFleurs"},"content":{"rendered":"<h3 data-start=\"121\" data-end=\"206\"><strong data-start=\"125\" data-end=\"206\">Bouquet &#8220;ChocoFleurs&#8221; : L&#8217;Alliance Parfaite de la Gourmandise et de la Beaut\u00e9<\/strong><\/h3>\n<p data-start=\"208\" data-end=\"579\">Offrez une exp\u00e9rience sensorielle unique avec notre bouquet <strong data-start=\"268\" data-end=\"285\">&#8220;ChocoFleurs&#8221;<\/strong>. Ce m\u00e9lange exquis de fleurs fra\u00eeches et de d\u00e9lices chocolat\u00e9s ravira les yeux et les papilles. Chaque bouquet est soigneusement compos\u00e9 de fleurs d\u00e9licates comme des <strong data-start=\"453\" data-end=\"462\">roses.<\/strong><\/p>\n","protected":false},"excerpt":{"rendered":"<h3 data-start=\"59\" data-end=\"88\"><strong data-start=\"63\" data-end=\"88\">Bouquet &#8220;ChocoFleurs&#8221;<\/strong><\/h3>\n<p data-start=\"90\" data-end=\"385\">Un m\u00e9lange parfait de fleurs fra\u00eeches et de chocolats artisanaux, con\u00e7u pour \u00e9merveiller \u00e0 la fois les yeux et les papilles. Chaque bouquet combine des roses, pivoines et lys avec des pralin\u00e9s et truffes d\u00e9licieuses, pour un cadeau raffin\u00e9 et gourmand. Id\u00e9al pour toutes les occasions sp\u00e9ciales.<\/p>\n","protected":false},"featured_media":219,"comment_status":"open","ping_status":"closed","template":"","meta":{"_monsterinsights_skip_tracking":false,"_monsterinsights_sitenote_active":false,"_monsterinsights_sitenote_note":"","_monsterinsights_sitenote_category":0},"product_brand":[],"product_cat":[27],"product_tag":[],"class_list":{"0":"post-218","1":"product","2":"type-product","3":"status-publish","4":"has-post-thumbnail","6":"product_cat-bouquets-avec-chocolats","8":"first","9":"instock","10":"sale","11":"shipping-taxable","12":"purchasable","13":"product-type-simple"},"_links":{"self":[{"href":"https:\/\/rscadeau.com\/index.php\/wp-json\/wp\/v2\/product\/218","targetHints":{"allow":["GET"]}}],"collection":[{"href":"https:\/\/rscadeau.com\/index.php\/wp-json\/wp\/v2\/product"}],"about":[{"href":"https:\/\/rscadeau.com\/index.php\/wp-json\/wp\/v2\/types\/product"}],"replies":[{"embeddable":true,"href":"https:\/\/rscadeau.com\/index.php\/wp-json\/wp\/v2\/comments?post=218"}],"wp:featuredmedia":[{"embeddable":true,"href":"https:\/\/rscadeau.com\/index.php\/wp-json\/wp\/v2\/media\/219"}],"wp:attachment":[{"href":"https:\/\/rscadeau.com\/index.php\/wp-json\/wp\/v2\/media?parent=218"}],"wp:term":[{"taxonomy":"product_brand","embeddable":true,"href":"https:\/\/rscadeau.com\/index.php\/wp-json\/wp\/v2\/product_brand?post=218"},{"taxonomy":"product_cat","embeddable":true,"href":"https:\/\/rscadeau.com\/index.php\/wp-json\/wp\/v2\/product_cat?post=218"},{"taxonomy":"product_tag","embeddable":true,"href":"https:\/\/rscadeau.com\/index.php\/wp-json\/wp\/v2\/product_tag?post=218"}],"curies":[{"name":"wp","href":"https:\/\/api.w.org\/{rel}","templated":true}]}}