{"id":223,"date":"2025-10-20T12:44:02","date_gmt":"2025-10-20T12:44:02","guid":{"rendered":"https:\/\/rscadeau.com\/?post_type=product&#038;p=223"},"modified":"2026-04-06T19:38:43","modified_gmt":"2026-04-06T19:38:43","slug":"chocolats-en-fleurs","status":"publish","type":"product","link":"https:\/\/rscadeau.com\/index.php\/product\/chocolats-en-fleurs\/","title":{"rendered":"Chocolats en Fleurs"},"content":{"rendered":"<p data-start=\"39\" data-end=\"374\">Alliez la beaut\u00e9 intemporelle des <strong data-start=\"73\" data-end=\"82\">roses<\/strong> \u00e0 la douceur du <strong data-start=\"99\" data-end=\"111\">chocolat<\/strong> avec notre bouquet <strong data-start=\"131\" data-end=\"156\">&#8220;Chocolats en Fleurs&#8221;<\/strong>. Chaque cr\u00e9ation combine des roses fra\u00eeches de qualit\u00e9 sup\u00e9rieure avec des chocolats artisanaux \u2013 pralin\u00e9s, truffes ou bonbons au chocolat \u2013 soigneusement dispos\u00e9s pour cr\u00e9er un cadeau \u00e0 la fois \u00e9l\u00e9gant et d\u00e9licieux.<\/p>\n<p data-start=\"376\" data-end=\"537\">Ce bouquet est le choix parfait pour un anniversaire, une Saint-Valentin, ou toute autre occasion sp\u00e9ciale o\u00f9 vous souhaitez offrir un geste raffin\u00e9 et gourmand.<\/p>\n","protected":false},"excerpt":{"rendered":"<p data-start=\"572\" data-end=\"734\">Des roses fra\u00eeches et des chocolats artisanaux r\u00e9unis dans un bouquet \u00e9l\u00e9gant, pour un cadeau aussi beau que d\u00e9licieux. Id\u00e9al pour toutes les occasions sp\u00e9ciales.<\/p>\n","protected":false},"featured_media":224,"comment_status":"open","ping_status":"closed","template":"","meta":{"_monsterinsights_skip_tracking":false,"_monsterinsights_sitenote_active":false,"_monsterinsights_sitenote_note":"","_monsterinsights_sitenote_category":0},"product_brand":[],"product_cat":[27],"product_tag":[],"class_list":{"0":"post-223","1":"product","2":"type-product","3":"status-publish","4":"has-post-thumbnail","6":"product_cat-bouquets-avec-chocolats","8":"first","9":"instock","10":"sale","11":"shipping-taxable","12":"purchasable","13":"product-type-simple"},"_links":{"self":[{"href":"https:\/\/rscadeau.com\/index.php\/wp-json\/wp\/v2\/product\/223","targetHints":{"allow":["GET"]}}],"collection":[{"href":"https:\/\/rscadeau.com\/index.php\/wp-json\/wp\/v2\/product"}],"about":[{"href":"https:\/\/rscadeau.com\/index.php\/wp-json\/wp\/v2\/types\/product"}],"replies":[{"embeddable":true,"href":"https:\/\/rscadeau.com\/index.php\/wp-json\/wp\/v2\/comments?post=223"}],"wp:featuredmedia":[{"embeddable":true,"href":"https:\/\/rscadeau.com\/index.php\/wp-json\/wp\/v2\/media\/224"}],"wp:attachment":[{"href":"https:\/\/rscadeau.com\/index.php\/wp-json\/wp\/v2\/media?parent=223"}],"wp:term":[{"taxonomy":"product_brand","embeddable":true,"href":"https:\/\/rscadeau.com\/index.php\/wp-json\/wp\/v2\/product_brand?post=223"},{"taxonomy":"product_cat","embeddable":true,"href":"https:\/\/rscadeau.com\/index.php\/wp-json\/wp\/v2\/product_cat?post=223"},{"taxonomy":"product_tag","embeddable":true,"href":"https:\/\/rscadeau.com\/index.php\/wp-json\/wp\/v2\/product_tag?post=223"}],"curies":[{"name":"wp","href":"https:\/\/api.w.org\/{rel}","templated":true}]}}