{"id":226,"date":"2025-10-20T12:51:58","date_gmt":"2025-10-20T12:51:58","guid":{"rendered":"https:\/\/rscadeau.com\/?post_type=product&#038;p=226"},"modified":"2025-12-31T12:45:39","modified_gmt":"2025-12-31T12:45:39","slug":"mignon-bouquet","status":"publish","type":"product","link":"https:\/\/rscadeau.com\/index.php\/product\/mignon-bouquet\/","title":{"rendered":"Mignon Bouquet"},"content":{"rendered":"<h3 data-start=\"0\" data-end=\"32\"><strong data-start=\"4\" data-end=\"32\">Bouquet &#8220;Mignon Bouquet&#8221;<\/strong><\/h3>\n<p data-start=\"34\" data-end=\"362\">Un bouquet d\u00e9licat de <strong data-start=\"56\" data-end=\"74\">roses fra\u00eeches<\/strong>, symbole d\u2019amour et de beaut\u00e9 intemporelle. Chaque rose est soigneusement choisie pour sa couleur vibrante et sa fra\u00eecheur, cr\u00e9ant une composition \u00e9l\u00e9gante qui saura toucher le c\u0153ur de celui qui la re\u00e7oit. Parfait pour toute occasion sp\u00e9ciale, des anniversaires aux moments de tendresse.<\/p>\n","protected":false},"excerpt":{"rendered":"<p>Un bouquet de roses fra\u00eeches, symbole de beaut\u00e9 et d&#8217;amour, pour ajouter une touche d&#8217;\u00e9l\u00e9gance \u00e0 chaque occasion.<\/p>\n","protected":false},"featured_media":227,"comment_status":"open","ping_status":"closed","template":"","meta":{"_monsterinsights_skip_tracking":false,"_monsterinsights_sitenote_active":false,"_monsterinsights_sitenote_note":"","_monsterinsights_sitenote_category":0},"product_brand":[],"product_cat":[20],"product_tag":[],"class_list":{"0":"post-226","1":"product","2":"type-product","3":"status-publish","4":"has-post-thumbnail","6":"product_cat-bouquets-petite","8":"first","9":"instock","10":"sale","11":"shipping-taxable","12":"purchasable","13":"product-type-simple"},"_links":{"self":[{"href":"https:\/\/rscadeau.com\/index.php\/wp-json\/wp\/v2\/product\/226","targetHints":{"allow":["GET"]}}],"collection":[{"href":"https:\/\/rscadeau.com\/index.php\/wp-json\/wp\/v2\/product"}],"about":[{"href":"https:\/\/rscadeau.com\/index.php\/wp-json\/wp\/v2\/types\/product"}],"replies":[{"embeddable":true,"href":"https:\/\/rscadeau.com\/index.php\/wp-json\/wp\/v2\/comments?post=226"}],"wp:featuredmedia":[{"embeddable":true,"href":"https:\/\/rscadeau.com\/index.php\/wp-json\/wp\/v2\/media\/227"}],"wp:attachment":[{"href":"https:\/\/rscadeau.com\/index.php\/wp-json\/wp\/v2\/media?parent=226"}],"wp:term":[{"taxonomy":"product_brand","embeddable":true,"href":"https:\/\/rscadeau.com\/index.php\/wp-json\/wp\/v2\/product_brand?post=226"},{"taxonomy":"product_cat","embeddable":true,"href":"https:\/\/rscadeau.com\/index.php\/wp-json\/wp\/v2\/product_cat?post=226"},{"taxonomy":"product_tag","embeddable":true,"href":"https:\/\/rscadeau.com\/index.php\/wp-json\/wp\/v2\/product_tag?post=226"}],"curies":[{"name":"wp","href":"https:\/\/api.w.org\/{rel}","templated":true}]}}