{"id":25,"date":"2025-10-06T12:34:57","date_gmt":"2025-10-06T12:34:57","guid":{"rendered":"https:\/\/rscadeau.com\/?post_type=product&#038;p=25"},"modified":"2025-10-28T12:40:31","modified_gmt":"2025-10-28T12:40:31","slug":"bouquets-petite","status":"publish","type":"product","link":"https:\/\/rscadeau.com\/index.php\/product\/bouquets-petite\/","title":{"rendered":"Fresh Serenity"},"content":{"rendered":"<p>Un petit bouquet de fleurs fra\u00eeches, soigneusement compos\u00e9 pour offrir une touche \u00e9l\u00e9gante et discr\u00e8te. Parfait pour exprimer des sentiments de mani\u00e8re simple et raffin\u00e9e, il apporte une note de fra\u00eecheur et de charme naturel \u00e0 toutes les occasions.<\/p>\n","protected":false},"excerpt":{"rendered":"<p>Un petit bouquet de fleurs fra\u00eeches, d\u00e9licat et raffin\u00e9, id\u00e9al pour offrir ou d\u00e9corer. Avec ses couleurs douces et son charme subtil, il ajoute une touche de beaut\u00e9 discr\u00e8te \u00e0 chaque moment.<\/p>\n","protected":false},"featured_media":187,"comment_status":"open","ping_status":"closed","template":"","meta":{"_monsterinsights_skip_tracking":false,"_monsterinsights_sitenote_active":false,"_monsterinsights_sitenote_note":"","_monsterinsights_sitenote_category":0},"product_brand":[],"product_cat":[18,20],"product_tag":[],"class_list":{"0":"post-25","1":"product","2":"type-product","3":"status-publish","4":"has-post-thumbnail","6":"product_cat-bouquets","7":"product_cat-bouquets-petite","9":"first","10":"instock","11":"sale","12":"shipping-taxable","13":"purchasable","14":"product-type-simple"},"_links":{"self":[{"href":"https:\/\/rscadeau.com\/index.php\/wp-json\/wp\/v2\/product\/25","targetHints":{"allow":["GET"]}}],"collection":[{"href":"https:\/\/rscadeau.com\/index.php\/wp-json\/wp\/v2\/product"}],"about":[{"href":"https:\/\/rscadeau.com\/index.php\/wp-json\/wp\/v2\/types\/product"}],"replies":[{"embeddable":true,"href":"https:\/\/rscadeau.com\/index.php\/wp-json\/wp\/v2\/comments?post=25"}],"wp:featuredmedia":[{"embeddable":true,"href":"https:\/\/rscadeau.com\/index.php\/wp-json\/wp\/v2\/media\/187"}],"wp:attachment":[{"href":"https:\/\/rscadeau.com\/index.php\/wp-json\/wp\/v2\/media?parent=25"}],"wp:term":[{"taxonomy":"product_brand","embeddable":true,"href":"https:\/\/rscadeau.com\/index.php\/wp-json\/wp\/v2\/product_brand?post=25"},{"taxonomy":"product_cat","embeddable":true,"href":"https:\/\/rscadeau.com\/index.php\/wp-json\/wp\/v2\/product_cat?post=25"},{"taxonomy":"product_tag","embeddable":true,"href":"https:\/\/rscadeau.com\/index.php\/wp-json\/wp\/v2\/product_tag?post=25"}],"curies":[{"name":"wp","href":"https:\/\/api.w.org\/{rel}","templated":true}]}}