{"id":275,"date":"2025-10-23T16:39:41","date_gmt":"2025-10-23T16:39:41","guid":{"rendered":"https:\/\/rscadeau.com\/?post_type=product&#038;p=275"},"modified":"2025-10-28T12:07:31","modified_gmt":"2025-10-28T12:07:31","slug":"bouton-de-joie","status":"publish","type":"product","link":"https:\/\/rscadeau.com\/index.php\/product\/bouton-de-joie\/","title":{"rendered":"Bouton de Joie"},"content":{"rendered":"<p data-start=\"93\" data-end=\"368\">Petit mais plein de charme, ce bouquet est con\u00e7u pour <strong data-start=\"174\" data-end=\"213\">susciter un sourire \u00e0 chaque regard<\/strong>. Chaque fleur est choisie avec soin pour sa <strong data-start=\"258\" data-end=\"301\">couleur, sa fra\u00eecheur et sa d\u00e9licatesse<\/strong>, cr\u00e9ant un petit tr\u00e9sor floral \u00e0 offrir ou \u00e0 garder pr\u00e8s de soi.<\/p>\n<p data-start=\"370\" data-end=\"384\">Id\u00e9al pour :<\/p>\n<ul data-start=\"385\" data-end=\"532\">\n<li data-start=\"385\" data-end=\"437\">\n<p data-start=\"387\" data-end=\"437\">\u00c9gayer un bureau, une table ou un coin de maison<\/p>\n<\/li>\n<li data-start=\"438\" data-end=\"476\">\n<p data-start=\"440\" data-end=\"476\">Offrir un geste tendre ou spontan\u00e9<\/p>\n<\/li>\n<li data-start=\"477\" data-end=\"532\">\n<p data-start=\"479\" data-end=\"532\">C\u00e9l\u00e9brer un moment simple avec \u00e9l\u00e9gance et l\u00e9g\u00e8ret\u00e9<\/p>\n<\/li>\n<\/ul>\n<p data-start=\"534\" data-end=\"623\"><strong data-start=\"534\" data-end=\"552\">Bouton de Joie<\/strong>, c\u2019est la preuve qu\u2019un petit bouquet peut contenir un grand bonheur.<\/p>\n","protected":false},"excerpt":{"rendered":"<p><strong data-start=\"54\" data-end=\"72\">Bouton de Joie<\/strong> \u2013 Un petit bouquet lumineux, qui apporte sourire et douceur \u00e0 chaque instant.<\/p>\n","protected":false},"featured_media":276,"comment_status":"open","ping_status":"closed","template":"","meta":{"_monsterinsights_skip_tracking":false,"_monsterinsights_sitenote_active":false,"_monsterinsights_sitenote_note":"","_monsterinsights_sitenote_category":0},"product_brand":[],"product_cat":[20],"product_tag":[],"class_list":{"0":"post-275","1":"product","2":"type-product","3":"status-publish","4":"has-post-thumbnail","6":"product_cat-bouquets-petite","8":"first","9":"instock","10":"sale","11":"shipping-taxable","12":"purchasable","13":"product-type-simple"},"_links":{"self":[{"href":"https:\/\/rscadeau.com\/index.php\/wp-json\/wp\/v2\/product\/275","targetHints":{"allow":["GET"]}}],"collection":[{"href":"https:\/\/rscadeau.com\/index.php\/wp-json\/wp\/v2\/product"}],"about":[{"href":"https:\/\/rscadeau.com\/index.php\/wp-json\/wp\/v2\/types\/product"}],"replies":[{"embeddable":true,"href":"https:\/\/rscadeau.com\/index.php\/wp-json\/wp\/v2\/comments?post=275"}],"wp:featuredmedia":[{"embeddable":true,"href":"https:\/\/rscadeau.com\/index.php\/wp-json\/wp\/v2\/media\/276"}],"wp:attachment":[{"href":"https:\/\/rscadeau.com\/index.php\/wp-json\/wp\/v2\/media?parent=275"}],"wp:term":[{"taxonomy":"product_brand","embeddable":true,"href":"https:\/\/rscadeau.com\/index.php\/wp-json\/wp\/v2\/product_brand?post=275"},{"taxonomy":"product_cat","embeddable":true,"href":"https:\/\/rscadeau.com\/index.php\/wp-json\/wp\/v2\/product_cat?post=275"},{"taxonomy":"product_tag","embeddable":true,"href":"https:\/\/rscadeau.com\/index.php\/wp-json\/wp\/v2\/product_tag?post=275"}],"curies":[{"name":"wp","href":"https:\/\/api.w.org\/{rel}","templated":true}]}}