{"id":279,"date":"2025-10-23T16:43:34","date_gmt":"2025-10-23T16:43:34","guid":{"rendered":"https:\/\/rscadeau.com\/?post_type=product&#038;p=279"},"modified":"2025-10-28T12:05:51","modified_gmt":"2025-10-28T12:05:51","slug":"fleurs-minute","status":"publish","type":"product","link":"https:\/\/rscadeau.com\/index.php\/product\/fleurs-minute\/","title":{"rendered":"Fleurs Minute"},"content":{"rendered":"<p data-start=\"86\" data-end=\"327\">Un bouquet petit mais plein de vie, pens\u00e9 pour <strong data-start=\"159\" data-end=\"206\">apporter fra\u00eecheur et couleur en un instant<\/strong>. Chaque fleur est s\u00e9lectionn\u00e9e pour sa beaut\u00e9 et son \u00e9clat, cr\u00e9ant une harmonie parfaite, m\u00eame dans un format compact.<\/p>\n<p data-start=\"329\" data-end=\"343\">Id\u00e9al pour :<\/p>\n<ul data-start=\"344\" data-end=\"492\">\n<li data-start=\"344\" data-end=\"385\">\n<p data-start=\"346\" data-end=\"385\">Offrir un geste rapide mais m\u00e9morable<\/p>\n<\/li>\n<li data-start=\"386\" data-end=\"440\">\n<p data-start=\"388\" data-end=\"440\">\u00c9gayer un bureau, un coin de table ou un int\u00e9rieur<\/p>\n<\/li>\n<li data-start=\"441\" data-end=\"492\">\n<p data-start=\"443\" data-end=\"492\">Surprendre et faire plaisir en toute simplicit\u00e9<\/p>\n<\/li>\n<\/ul>\n<p data-start=\"494\" data-end=\"603\"><strong data-start=\"494\" data-end=\"511\">Fleurs Minute<\/strong>, c\u2019est le plaisir d\u2019un petit bouquet qui fait <strong data-start=\"558\" data-end=\"600\">une grande impression en un clin d\u2019\u0153il<\/strong>.<\/p>\n","protected":false},"excerpt":{"rendered":"<p><strong data-start=\"53\" data-end=\"70\">Fleurs Minute<\/strong> \u2013 Un petit bouquet plein de fra\u00eecheur, parfait pour offrir un instant de joie rapide et \u00e9l\u00e9gant.<\/p>\n","protected":false},"featured_media":280,"comment_status":"open","ping_status":"closed","template":"","meta":{"_monsterinsights_skip_tracking":false,"_monsterinsights_sitenote_active":false,"_monsterinsights_sitenote_note":"","_monsterinsights_sitenote_category":0},"product_brand":[],"product_cat":[20],"product_tag":[],"class_list":{"0":"post-279","1":"product","2":"type-product","3":"status-publish","4":"has-post-thumbnail","6":"product_cat-bouquets-petite","8":"first","9":"instock","10":"sale","11":"shipping-taxable","12":"purchasable","13":"product-type-simple"},"_links":{"self":[{"href":"https:\/\/rscadeau.com\/index.php\/wp-json\/wp\/v2\/product\/279","targetHints":{"allow":["GET"]}}],"collection":[{"href":"https:\/\/rscadeau.com\/index.php\/wp-json\/wp\/v2\/product"}],"about":[{"href":"https:\/\/rscadeau.com\/index.php\/wp-json\/wp\/v2\/types\/product"}],"replies":[{"embeddable":true,"href":"https:\/\/rscadeau.com\/index.php\/wp-json\/wp\/v2\/comments?post=279"}],"wp:featuredmedia":[{"embeddable":true,"href":"https:\/\/rscadeau.com\/index.php\/wp-json\/wp\/v2\/media\/280"}],"wp:attachment":[{"href":"https:\/\/rscadeau.com\/index.php\/wp-json\/wp\/v2\/media?parent=279"}],"wp:term":[{"taxonomy":"product_brand","embeddable":true,"href":"https:\/\/rscadeau.com\/index.php\/wp-json\/wp\/v2\/product_brand?post=279"},{"taxonomy":"product_cat","embeddable":true,"href":"https:\/\/rscadeau.com\/index.php\/wp-json\/wp\/v2\/product_cat?post=279"},{"taxonomy":"product_tag","embeddable":true,"href":"https:\/\/rscadeau.com\/index.php\/wp-json\/wp\/v2\/product_tag?post=279"}],"curies":[{"name":"wp","href":"https:\/\/api.w.org\/{rel}","templated":true}]}}