{"id":290,"date":"2025-10-23T19:43:29","date_gmt":"2025-10-23T19:43:29","guid":{"rendered":"https:\/\/rscadeau.com\/?post_type=product&#038;p=290"},"modified":"2025-10-23T19:43:30","modified_gmt":"2025-10-23T19:43:30","slug":"bouquet-douceur","status":"publish","type":"product","link":"https:\/\/rscadeau.com\/index.php\/product\/bouquet-douceur\/","title":{"rendered":"Bouquet Douceur"},"content":{"rendered":"<p>Le <strong data-start=\"193\" data-end=\"212\">Bouquet Douceur<\/strong> est une composition tendre et lumineuse, pens\u00e9e pour transmettre calme, affection et bienveillance. Ses <strong data-start=\"317\" data-end=\"335\">teintes pastel<\/strong> \u2014 rose p\u00e2le, blanc, p\u00eache ou lilas \u2014 \u00e9voquent la d\u00e9licatesse et la s\u00e9r\u00e9nit\u00e9.<\/p>\n","protected":false},"excerpt":{"rendered":"<p>Un bouquet tendre aux tons pastel, symbole de douceur et d\u2019affection.<\/p>\n","protected":false},"featured_media":291,"comment_status":"open","ping_status":"closed","template":"","meta":{"_monsterinsights_skip_tracking":false,"_monsterinsights_sitenote_active":false,"_monsterinsights_sitenote_note":"","_monsterinsights_sitenote_category":0},"product_brand":[],"product_cat":[21],"product_tag":[],"class_list":{"0":"post-290","1":"product","2":"type-product","3":"status-publish","4":"has-post-thumbnail","6":"product_cat-bouquets-moyenne-bouquets","8":"first","9":"instock","10":"sale","11":"shipping-taxable","12":"purchasable","13":"product-type-simple"},"_links":{"self":[{"href":"https:\/\/rscadeau.com\/index.php\/wp-json\/wp\/v2\/product\/290","targetHints":{"allow":["GET"]}}],"collection":[{"href":"https:\/\/rscadeau.com\/index.php\/wp-json\/wp\/v2\/product"}],"about":[{"href":"https:\/\/rscadeau.com\/index.php\/wp-json\/wp\/v2\/types\/product"}],"replies":[{"embeddable":true,"href":"https:\/\/rscadeau.com\/index.php\/wp-json\/wp\/v2\/comments?post=290"}],"wp:featuredmedia":[{"embeddable":true,"href":"https:\/\/rscadeau.com\/index.php\/wp-json\/wp\/v2\/media\/291"}],"wp:attachment":[{"href":"https:\/\/rscadeau.com\/index.php\/wp-json\/wp\/v2\/media?parent=290"}],"wp:term":[{"taxonomy":"product_brand","embeddable":true,"href":"https:\/\/rscadeau.com\/index.php\/wp-json\/wp\/v2\/product_brand?post=290"},{"taxonomy":"product_cat","embeddable":true,"href":"https:\/\/rscadeau.com\/index.php\/wp-json\/wp\/v2\/product_cat?post=290"},{"taxonomy":"product_tag","embeddable":true,"href":"https:\/\/rscadeau.com\/index.php\/wp-json\/wp\/v2\/product_tag?post=290"}],"curies":[{"name":"wp","href":"https:\/\/api.w.org\/{rel}","templated":true}]}}