{"id":300,"date":"2025-10-23T19:57:27","date_gmt":"2025-10-23T19:57:27","guid":{"rendered":"https:\/\/rscadeau.com\/?post_type=product&#038;p=300"},"modified":"2025-10-23T20:08:52","modified_gmt":"2025-10-23T20:08:52","slug":"bouquet-tendresse","status":"publish","type":"product","link":"https:\/\/rscadeau.com\/index.php\/product\/bouquet-tendresse\/","title":{"rendered":"Bouquet Tendresse"},"content":{"rendered":"<p>Le <strong data-start=\"154\" data-end=\"175\">Bouquet Tendresse<\/strong> est une composition florale douce et d\u00e9licate, pens\u00e9e pour transmettre chaleur, affection et attention. Ses <strong data-start=\"284\" data-end=\"303\">couleurs pastel<\/strong>, comme le rose, le blanc ou le p\u00eache, \u00e9voquent la douceur et la d\u00e9licatesse des sentiments.<\/p>\n","protected":false},"excerpt":{"rendered":"<p>Un bouquet doux aux tons pastel, parfait pour exprimer affection et d\u00e9licatesse.<\/p>\n","protected":false},"featured_media":301,"comment_status":"open","ping_status":"closed","template":"","meta":{"_monsterinsights_skip_tracking":false,"_monsterinsights_sitenote_active":false,"_monsterinsights_sitenote_note":"","_monsterinsights_sitenote_category":0},"product_brand":[],"product_cat":[21],"product_tag":[],"class_list":{"0":"post-300","1":"product","2":"type-product","3":"status-publish","4":"has-post-thumbnail","6":"product_cat-bouquets-moyenne-bouquets","8":"first","9":"instock","10":"sale","11":"shipping-taxable","12":"purchasable","13":"product-type-simple"},"_links":{"self":[{"href":"https:\/\/rscadeau.com\/index.php\/wp-json\/wp\/v2\/product\/300","targetHints":{"allow":["GET"]}}],"collection":[{"href":"https:\/\/rscadeau.com\/index.php\/wp-json\/wp\/v2\/product"}],"about":[{"href":"https:\/\/rscadeau.com\/index.php\/wp-json\/wp\/v2\/types\/product"}],"replies":[{"embeddable":true,"href":"https:\/\/rscadeau.com\/index.php\/wp-json\/wp\/v2\/comments?post=300"}],"wp:featuredmedia":[{"embeddable":true,"href":"https:\/\/rscadeau.com\/index.php\/wp-json\/wp\/v2\/media\/301"}],"wp:attachment":[{"href":"https:\/\/rscadeau.com\/index.php\/wp-json\/wp\/v2\/media?parent=300"}],"wp:term":[{"taxonomy":"product_brand","embeddable":true,"href":"https:\/\/rscadeau.com\/index.php\/wp-json\/wp\/v2\/product_brand?post=300"},{"taxonomy":"product_cat","embeddable":true,"href":"https:\/\/rscadeau.com\/index.php\/wp-json\/wp\/v2\/product_cat?post=300"},{"taxonomy":"product_tag","embeddable":true,"href":"https:\/\/rscadeau.com\/index.php\/wp-json\/wp\/v2\/product_tag?post=300"}],"curies":[{"name":"wp","href":"https:\/\/api.w.org\/{rel}","templated":true}]}}