{"id":311,"date":"2025-10-23T20:07:34","date_gmt":"2025-10-23T20:07:34","guid":{"rendered":"https:\/\/rscadeau.com\/?post_type=product&#038;p=311"},"modified":"2025-10-23T20:10:41","modified_gmt":"2025-10-23T20:10:41","slug":"bouquet-gourmandise","status":"publish","type":"product","link":"https:\/\/rscadeau.com\/index.php\/product\/bouquet-gourmandise\/","title":{"rendered":"Bouquet Gourmandise"},"content":{"rendered":"<p>Le <strong data-start=\"158\" data-end=\"181\">Bouquet Gourmandise<\/strong> est une cr\u00e9ation florale alliant \u00e9l\u00e9gance et plaisir sucr\u00e9. Parfait pour surprendre et ravir, il combine la beaut\u00e9 des fleurs fra\u00eeches avec la douceur des chocolats d\u00e9licats.<\/p>\n","protected":false},"excerpt":{"rendered":"<p>Un bouquet moyen alliant fleurs fra\u00eeches et chocolats pour un cadeau gourmand et \u00e9l\u00e9gant.<\/p>\n","protected":false},"featured_media":313,"comment_status":"open","ping_status":"closed","template":"","meta":{"_monsterinsights_skip_tracking":false,"_monsterinsights_sitenote_active":false,"_monsterinsights_sitenote_note":"","_monsterinsights_sitenote_category":0},"product_brand":[],"product_cat":[27],"product_tag":[],"class_list":{"0":"post-311","1":"product","2":"type-product","3":"status-publish","4":"has-post-thumbnail","6":"product_cat-bouquets-avec-chocolats","8":"first","9":"instock","10":"sale","11":"shipping-taxable","12":"purchasable","13":"product-type-simple"},"_links":{"self":[{"href":"https:\/\/rscadeau.com\/index.php\/wp-json\/wp\/v2\/product\/311","targetHints":{"allow":["GET"]}}],"collection":[{"href":"https:\/\/rscadeau.com\/index.php\/wp-json\/wp\/v2\/product"}],"about":[{"href":"https:\/\/rscadeau.com\/index.php\/wp-json\/wp\/v2\/types\/product"}],"replies":[{"embeddable":true,"href":"https:\/\/rscadeau.com\/index.php\/wp-json\/wp\/v2\/comments?post=311"}],"wp:featuredmedia":[{"embeddable":true,"href":"https:\/\/rscadeau.com\/index.php\/wp-json\/wp\/v2\/media\/313"}],"wp:attachment":[{"href":"https:\/\/rscadeau.com\/index.php\/wp-json\/wp\/v2\/media?parent=311"}],"wp:term":[{"taxonomy":"product_brand","embeddable":true,"href":"https:\/\/rscadeau.com\/index.php\/wp-json\/wp\/v2\/product_brand?post=311"},{"taxonomy":"product_cat","embeddable":true,"href":"https:\/\/rscadeau.com\/index.php\/wp-json\/wp\/v2\/product_cat?post=311"},{"taxonomy":"product_tag","embeddable":true,"href":"https:\/\/rscadeau.com\/index.php\/wp-json\/wp\/v2\/product_tag?post=311"}],"curies":[{"name":"wp","href":"https:\/\/api.w.org\/{rel}","templated":true}]}}