{"id":32,"date":"2025-10-06T12:47:19","date_gmt":"2025-10-06T12:47:19","guid":{"rendered":"https:\/\/rscadeau.com\/?post_type=product&#038;p=32"},"modified":"2025-10-19T13:20:47","modified_gmt":"2025-10-19T13:20:47","slug":"pack","status":"publish","type":"product","link":"https:\/\/rscadeau.com\/index.php\/product\/pack\/","title":{"rendered":"pack"},"content":{"rendered":"<p>Un pack \u00e9l\u00e9gant comprenant un bouquet de fleurs fra\u00eeches accompagn\u00e9 de d\u00e9licieux chocolats et d&#8217;une carte pour ajouter une touche personnelle. Id\u00e9al pour exprimer vos sentiments avec douceur et raffinement. Parfait pour toutes les occasions sp\u00e9ciales.<\/p>\n<p>&nbsp;<\/p>\n","protected":false},"excerpt":{"rendered":"<p>Un pack \u00e9l\u00e9gant de fleurs fra\u00eeches, chocolats savoureux et une carte, parfait pour offrir un cadeau raffin\u00e9 et personnel.<\/p>\n","protected":false},"featured_media":214,"comment_status":"open","ping_status":"closed","template":"","meta":{"_monsterinsights_skip_tracking":false,"_monsterinsights_sitenote_active":false,"_monsterinsights_sitenote_note":"","_monsterinsights_sitenote_category":0},"product_brand":[],"product_cat":[22],"product_tag":[],"class_list":{"0":"post-32","1":"product","2":"type-product","3":"status-publish","4":"has-post-thumbnail","6":"product_cat-pack","8":"first","9":"instock","10":"sale","11":"featured","12":"shipping-taxable","13":"purchasable","14":"product-type-simple"},"_links":{"self":[{"href":"https:\/\/rscadeau.com\/index.php\/wp-json\/wp\/v2\/product\/32","targetHints":{"allow":["GET"]}}],"collection":[{"href":"https:\/\/rscadeau.com\/index.php\/wp-json\/wp\/v2\/product"}],"about":[{"href":"https:\/\/rscadeau.com\/index.php\/wp-json\/wp\/v2\/types\/product"}],"replies":[{"embeddable":true,"href":"https:\/\/rscadeau.com\/index.php\/wp-json\/wp\/v2\/comments?post=32"}],"wp:featuredmedia":[{"embeddable":true,"href":"https:\/\/rscadeau.com\/index.php\/wp-json\/wp\/v2\/media\/214"}],"wp:attachment":[{"href":"https:\/\/rscadeau.com\/index.php\/wp-json\/wp\/v2\/media?parent=32"}],"wp:term":[{"taxonomy":"product_brand","embeddable":true,"href":"https:\/\/rscadeau.com\/index.php\/wp-json\/wp\/v2\/product_brand?post=32"},{"taxonomy":"product_cat","embeddable":true,"href":"https:\/\/rscadeau.com\/index.php\/wp-json\/wp\/v2\/product_cat?post=32"},{"taxonomy":"product_tag","embeddable":true,"href":"https:\/\/rscadeau.com\/index.php\/wp-json\/wp\/v2\/product_tag?post=32"}],"curies":[{"name":"wp","href":"https:\/\/api.w.org\/{rel}","templated":true}]}}