{"id":329,"date":"2025-10-24T10:59:09","date_gmt":"2025-10-24T10:59:09","guid":{"rendered":"https:\/\/rscadeau.com\/?post_type=product&#038;p=329"},"modified":"2025-10-24T11:17:20","modified_gmt":"2025-10-24T11:17:20","slug":"boule-de-neige-2","status":"publish","type":"product","link":"https:\/\/rscadeau.com\/index.php\/product\/boule-de-neige-2\/","title":{"rendered":"boule de neige"},"content":{"rendered":"<p>Cette bo\u00eete \u00e0 musique en cristal rose pour la Saint-Valentin est fabriqu\u00e9e en r\u00e9sine et en verre, avec une taille de 10*17 cm, parfaite pour offrir lors d&#8217;anniversaires et de la Saint-Valentin. Elle pr\u00e9sente un style de design moderne avec une forme de globe arrondie, une\u00a0<span class=\"index_module_idAiSummary__content__p__bold__01115bb2\">lumi\u00e8re LED blanche chaude douce<\/span>, et une\u00a0<span class=\"index_module_idAiSummary__content__p__bold__01115bb2\">dur\u00e9e de vie de 50 000 heures<\/span>.<\/p>\n","protected":false},"excerpt":{"rendered":"<h1 title=\"Bo\u00eete \u00e0 musique de boule de cristal de saint-valentin rose\" data-spm-anchor-id=\"a2700.details.0.i103.12c26706Q4HR3v\">Bo\u00eete \u00e0 musique de boule de cristal de saint-valentin rose<\/h1>\n","protected":false},"featured_media":330,"comment_status":"open","ping_status":"closed","template":"","meta":{"_monsterinsights_skip_tracking":false,"_monsterinsights_sitenote_active":false,"_monsterinsights_sitenote_note":"","_monsterinsights_sitenote_category":0},"product_brand":[],"product_cat":[23],"product_tag":[],"class_list":{"0":"post-329","1":"product","2":"type-product","3":"status-publish","4":"has-post-thumbnail","6":"product_cat-bon-plans","8":"first","9":"instock","10":"sale","11":"shipping-taxable","12":"purchasable","13":"product-type-simple"},"_links":{"self":[{"href":"https:\/\/rscadeau.com\/index.php\/wp-json\/wp\/v2\/product\/329","targetHints":{"allow":["GET"]}}],"collection":[{"href":"https:\/\/rscadeau.com\/index.php\/wp-json\/wp\/v2\/product"}],"about":[{"href":"https:\/\/rscadeau.com\/index.php\/wp-json\/wp\/v2\/types\/product"}],"replies":[{"embeddable":true,"href":"https:\/\/rscadeau.com\/index.php\/wp-json\/wp\/v2\/comments?post=329"}],"wp:featuredmedia":[{"embeddable":true,"href":"https:\/\/rscadeau.com\/index.php\/wp-json\/wp\/v2\/media\/330"}],"wp:attachment":[{"href":"https:\/\/rscadeau.com\/index.php\/wp-json\/wp\/v2\/media?parent=329"}],"wp:term":[{"taxonomy":"product_brand","embeddable":true,"href":"https:\/\/rscadeau.com\/index.php\/wp-json\/wp\/v2\/product_brand?post=329"},{"taxonomy":"product_cat","embeddable":true,"href":"https:\/\/rscadeau.com\/index.php\/wp-json\/wp\/v2\/product_cat?post=329"},{"taxonomy":"product_tag","embeddable":true,"href":"https:\/\/rscadeau.com\/index.php\/wp-json\/wp\/v2\/product_tag?post=329"}],"curies":[{"name":"wp","href":"https:\/\/api.w.org\/{rel}","templated":true}]}}