{"id":397,"date":"2025-10-26T12:33:48","date_gmt":"2025-10-26T12:33:48","guid":{"rendered":"https:\/\/rscadeau.com\/?post_type=product&#038;p=397"},"modified":"2025-10-26T12:36:52","modified_gmt":"2025-10-26T12:36:52","slug":"pack-anniversaire","status":"publish","type":"product","link":"https:\/\/rscadeau.com\/index.php\/product\/pack-anniversaire\/","title":{"rendered":"pack anniversaire"},"content":{"rendered":"<ul>\n<li data-start=\"449\" data-end=\"584\">\n<p data-start=\"451\" data-end=\"584\">Une <strong data-start=\"455\" data-end=\"488\">bo\u00eete de chocolats artisanaux<\/strong> en forme de <strong data-start=\"501\" data-end=\"509\">c\u0153ur<\/strong>, au lait et fondants, adapt\u00e9s aux enfants (sans alcool ni ar\u00f4mes forts).<\/p>\n<\/li>\n<li data-start=\"585\" data-end=\"712\">\n<p data-start=\"587\" data-end=\"712\">Un <strong data-start=\"590\" data-end=\"620\">bouquet de fleurs color\u00e9es<\/strong> (naturelles ou en papier selon option) en forme de c\u0153ur, symbole d\u2019amour et de tendresse.<\/p>\n<\/li>\n<li data-start=\"713\" data-end=\"803\">\n<p data-start=\"715\" data-end=\"803\">Un <strong data-start=\"718\" data-end=\"741\">mini jouet surprise<\/strong> ou un <strong data-start=\"748\" data-end=\"767\">sticker amusant<\/strong>, parfait pour un enfant de 3 ans.<\/p>\n<\/li>\n<li data-start=\"804\" data-end=\"898\">\n<p data-start=\"806\" data-end=\"898\">Une <strong data-start=\"810\" data-end=\"833\">carte personnalis\u00e9e<\/strong> avec un petit message d\u2019anniversaire et le pr\u00e9nom de l\u2019enfant.<\/p>\n<\/li>\n<\/ul>\n","protected":false},"excerpt":{"rendered":"<p>Offrez un cadeau plein de tendresse et de douceur pour c\u00e9l\u00e9brer les 3 ans de votre petit tr\u00e9sor !<\/p>\n","protected":false},"featured_media":398,"comment_status":"open","ping_status":"closed","template":"","meta":{"_monsterinsights_skip_tracking":false,"_monsterinsights_sitenote_active":false,"_monsterinsights_sitenote_note":"","_monsterinsights_sitenote_category":0},"product_brand":[],"product_cat":[22],"product_tag":[],"class_list":{"0":"post-397","1":"product","2":"type-product","3":"status-publish","4":"has-post-thumbnail","6":"product_cat-pack","8":"first","9":"instock","10":"sale","11":"shipping-taxable","12":"purchasable","13":"product-type-simple"},"_links":{"self":[{"href":"https:\/\/rscadeau.com\/index.php\/wp-json\/wp\/v2\/product\/397","targetHints":{"allow":["GET"]}}],"collection":[{"href":"https:\/\/rscadeau.com\/index.php\/wp-json\/wp\/v2\/product"}],"about":[{"href":"https:\/\/rscadeau.com\/index.php\/wp-json\/wp\/v2\/types\/product"}],"replies":[{"embeddable":true,"href":"https:\/\/rscadeau.com\/index.php\/wp-json\/wp\/v2\/comments?post=397"}],"wp:featuredmedia":[{"embeddable":true,"href":"https:\/\/rscadeau.com\/index.php\/wp-json\/wp\/v2\/media\/398"}],"wp:attachment":[{"href":"https:\/\/rscadeau.com\/index.php\/wp-json\/wp\/v2\/media?parent=397"}],"wp:term":[{"taxonomy":"product_brand","embeddable":true,"href":"https:\/\/rscadeau.com\/index.php\/wp-json\/wp\/v2\/product_brand?post=397"},{"taxonomy":"product_cat","embeddable":true,"href":"https:\/\/rscadeau.com\/index.php\/wp-json\/wp\/v2\/product_cat?post=397"},{"taxonomy":"product_tag","embeddable":true,"href":"https:\/\/rscadeau.com\/index.php\/wp-json\/wp\/v2\/product_tag?post=397"}],"curies":[{"name":"wp","href":"https:\/\/api.w.org\/{rel}","templated":true}]}}