{"id":414,"date":"2025-10-28T12:45:54","date_gmt":"2025-10-28T12:45:54","guid":{"rendered":"https:\/\/rscadeau.com\/?post_type=product&#038;p=414"},"modified":"2025-10-28T13:06:55","modified_gmt":"2025-10-28T13:06:55","slug":"printemps","status":"publish","type":"product","link":"https:\/\/rscadeau.com\/index.php\/product\/printemps\/","title":{"rendered":"Printemps"},"content":{"rendered":"<p>Ce bouquet moyen capture l\u2019essence de l\u2019amour et de la passion avec ses <strong data-start=\"291\" data-end=\"318\">roses rouges \u00e9clatantes<\/strong>, soigneusement s\u00e9lectionn\u00e9es pour leur fra\u00eecheur et leur beaut\u00e9. Chaque rose est dispos\u00e9e avec \u00e9l\u00e9gance, cr\u00e9ant un \u00e9quilibre parfait entre volume et raffinement. Id\u00e9al pour offrir \u00e0 un \u00eatre cher lors d\u2019un anniversaire, d\u2019une Saint-Valentin ou simplement pour dire \u00ab je t\u2019aime \u00bb, ce bouquet exprime <strong data-start=\"617\" data-end=\"661\">la passion, l\u2019\u00e9l\u00e9gance et l\u2019\u00e9motion pure<\/strong>.<\/p>\n","protected":false},"excerpt":{"rendered":"<p>Un bouquet moyen de <strong data-start=\"116\" data-end=\"143\">roses rouges \u00e9clatantes<\/strong>, symbole d\u2019amour et de passion, sublim\u00e9 par un feuillage \u00e9l\u00e9gant pour un cadeau romantique et raffin\u00e9.<\/p>\n","protected":false},"featured_media":425,"comment_status":"open","ping_status":"closed","template":"","meta":{"_monsterinsights_skip_tracking":false,"_monsterinsights_sitenote_active":false,"_monsterinsights_sitenote_note":"","_monsterinsights_sitenote_category":0},"product_brand":[],"product_cat":[21],"product_tag":[],"class_list":{"0":"post-414","1":"product","2":"type-product","3":"status-publish","4":"has-post-thumbnail","6":"product_cat-bouquets-moyenne-bouquets","8":"first","9":"instock","10":"sale","11":"shipping-taxable","12":"purchasable","13":"product-type-simple"},"_links":{"self":[{"href":"https:\/\/rscadeau.com\/index.php\/wp-json\/wp\/v2\/product\/414","targetHints":{"allow":["GET"]}}],"collection":[{"href":"https:\/\/rscadeau.com\/index.php\/wp-json\/wp\/v2\/product"}],"about":[{"href":"https:\/\/rscadeau.com\/index.php\/wp-json\/wp\/v2\/types\/product"}],"replies":[{"embeddable":true,"href":"https:\/\/rscadeau.com\/index.php\/wp-json\/wp\/v2\/comments?post=414"}],"wp:featuredmedia":[{"embeddable":true,"href":"https:\/\/rscadeau.com\/index.php\/wp-json\/wp\/v2\/media\/425"}],"wp:attachment":[{"href":"https:\/\/rscadeau.com\/index.php\/wp-json\/wp\/v2\/media?parent=414"}],"wp:term":[{"taxonomy":"product_brand","embeddable":true,"href":"https:\/\/rscadeau.com\/index.php\/wp-json\/wp\/v2\/product_brand?post=414"},{"taxonomy":"product_cat","embeddable":true,"href":"https:\/\/rscadeau.com\/index.php\/wp-json\/wp\/v2\/product_cat?post=414"},{"taxonomy":"product_tag","embeddable":true,"href":"https:\/\/rscadeau.com\/index.php\/wp-json\/wp\/v2\/product_tag?post=414"}],"curies":[{"name":"wp","href":"https:\/\/api.w.org\/{rel}","templated":true}]}}