{"id":426,"date":"2025-10-28T12:53:50","date_gmt":"2025-10-28T12:53:50","guid":{"rendered":"https:\/\/rscadeau.com\/?post_type=product&#038;p=426"},"modified":"2025-10-28T12:53:51","modified_gmt":"2025-10-28T12:53:51","slug":"bloom-box","status":"publish","type":"product","link":"https:\/\/rscadeau.com\/index.php\/product\/bloom-box\/","title":{"rendered":"Bloom Box"},"content":{"rendered":"<p>D\u00e9couvrez l\u2019\u00e9l\u00e9gance \u00e0 l\u2019\u00e9tat pur avec cette <strong data-start=\"167\" data-end=\"190\">box de fleurs ronde<\/strong>, o\u00f9 chaque fleur est dispos\u00e9e avec soin pour cr\u00e9er un bouquet harmonieux et plein de charme. Parfaite pour offrir ou d\u00e9corer un int\u00e9rieur, elle marie <strong data-start=\"341\" data-end=\"379\">fra\u00eecheur, couleurs et raffinement<\/strong> dans un format pratique et moderne.<\/p>\n","protected":false},"excerpt":{"rendered":"<p>Une box \u00e9l\u00e9gante aux fleurs fra\u00eeches dispos\u00e9es en bouquet rond, parfaite pour offrir ou d\u00e9corer avec charme et harmonie.<\/p>\n","protected":false},"featured_media":416,"comment_status":"open","ping_status":"closed","template":"","meta":{"_monsterinsights_skip_tracking":false,"_monsterinsights_sitenote_active":false,"_monsterinsights_sitenote_note":"","_monsterinsights_sitenote_category":0},"product_brand":[],"product_cat":[22],"product_tag":[],"class_list":{"0":"post-426","1":"product","2":"type-product","3":"status-publish","4":"has-post-thumbnail","6":"product_cat-pack","8":"first","9":"instock","10":"sale","11":"shipping-taxable","12":"purchasable","13":"product-type-simple"},"_links":{"self":[{"href":"https:\/\/rscadeau.com\/index.php\/wp-json\/wp\/v2\/product\/426","targetHints":{"allow":["GET"]}}],"collection":[{"href":"https:\/\/rscadeau.com\/index.php\/wp-json\/wp\/v2\/product"}],"about":[{"href":"https:\/\/rscadeau.com\/index.php\/wp-json\/wp\/v2\/types\/product"}],"replies":[{"embeddable":true,"href":"https:\/\/rscadeau.com\/index.php\/wp-json\/wp\/v2\/comments?post=426"}],"wp:featuredmedia":[{"embeddable":true,"href":"https:\/\/rscadeau.com\/index.php\/wp-json\/wp\/v2\/media\/416"}],"wp:attachment":[{"href":"https:\/\/rscadeau.com\/index.php\/wp-json\/wp\/v2\/media?parent=426"}],"wp:term":[{"taxonomy":"product_brand","embeddable":true,"href":"https:\/\/rscadeau.com\/index.php\/wp-json\/wp\/v2\/product_brand?post=426"},{"taxonomy":"product_cat","embeddable":true,"href":"https:\/\/rscadeau.com\/index.php\/wp-json\/wp\/v2\/product_cat?post=426"},{"taxonomy":"product_tag","embeddable":true,"href":"https:\/\/rscadeau.com\/index.php\/wp-json\/wp\/v2\/product_tag?post=426"}],"curies":[{"name":"wp","href":"https:\/\/api.w.org\/{rel}","templated":true}]}}