{"id":458,"date":"2025-11-11T12:10:45","date_gmt":"2025-11-11T12:10:45","guid":{"rendered":"https:\/\/rscadeau.com\/?post_type=product&#038;p=458"},"modified":"2026-04-06T19:27:48","modified_gmt":"2026-04-06T19:27:48","slug":"douceur-dor","status":"publish","type":"product","link":"https:\/\/rscadeau.com\/index.php\/product\/douceur-dor\/","title":{"rendered":"Douceur d\u2019Or"},"content":{"rendered":"<p>Plongez dans l\u2019univers du raffinement avec <strong data-start=\"171\" data-end=\"187\">Douceur d\u2019Or<\/strong>, un bouquet de <strong data-start=\"203\" data-end=\"224\">luxe exceptionnel<\/strong> compos\u00e9 de plus de <strong data-start=\"244\" data-end=\"275\">70 fleurs rouges \u00e9clatantes<\/strong>, symbole de passion et d\u2019\u00e9l\u00e9gance.<br data-start=\"310\" data-end=\"313\" \/>Chaque tige a \u00e9t\u00e9 soigneusement s\u00e9lectionn\u00e9e pour sa beaut\u00e9 et sa fra\u00eecheur, cr\u00e9ant une composition majestueuse o\u00f9 la <strong data-start=\"431\" data-end=\"459\">richesse des tons rouges<\/strong> se marie \u00e0 la <strong data-start=\"474\" data-end=\"502\" data-is-only-node=\"\">finesse du design floral<\/strong>.<br data-start=\"503\" data-end=\"506\" \/>Ce bouquet somptueux incarne <strong data-start=\"535\" data-end=\"579\">l\u2019amour intense, la force et le prestige<\/strong>, id\u00e9al pour les <strong data-start=\"596\" data-end=\"617\">grandes occasions<\/strong>, les <strong data-start=\"623\" data-end=\"647\">demandes romantiques<\/strong> ou les <strong data-start=\"655\" data-end=\"680\">cadeaux haut de gamme<\/strong>.<\/p>\n","protected":false},"excerpt":{"rendered":"<p><strong data-start=\"87\" data-end=\"103\">Douceur d\u2019Or<\/strong> \u2014 Un bouquet de luxe compos\u00e9 de plus de <strong data-start=\"144\" data-end=\"164\">70 fleurs rouges<\/strong>, symbole de passion et d\u2019\u00e9l\u00e9gance. Un chef-d\u2019\u0153uvre floral pour c\u00e9l\u00e9brer l\u2019amour avec prestige.<\/p>\n","protected":false},"featured_media":459,"comment_status":"open","ping_status":"closed","template":"","meta":{"_monsterinsights_skip_tracking":false,"_monsterinsights_sitenote_active":false,"_monsterinsights_sitenote_note":"","_monsterinsights_sitenote_category":0},"product_brand":[],"product_cat":[19],"product_tag":[],"class_list":{"0":"post-458","1":"product","2":"type-product","3":"status-publish","4":"has-post-thumbnail","6":"product_cat-bouquets-de-luxe","8":"first","9":"instock","10":"sale","11":"shipping-taxable","12":"purchasable","13":"product-type-simple"},"_links":{"self":[{"href":"https:\/\/rscadeau.com\/index.php\/wp-json\/wp\/v2\/product\/458","targetHints":{"allow":["GET"]}}],"collection":[{"href":"https:\/\/rscadeau.com\/index.php\/wp-json\/wp\/v2\/product"}],"about":[{"href":"https:\/\/rscadeau.com\/index.php\/wp-json\/wp\/v2\/types\/product"}],"replies":[{"embeddable":true,"href":"https:\/\/rscadeau.com\/index.php\/wp-json\/wp\/v2\/comments?post=458"}],"wp:featuredmedia":[{"embeddable":true,"href":"https:\/\/rscadeau.com\/index.php\/wp-json\/wp\/v2\/media\/459"}],"wp:attachment":[{"href":"https:\/\/rscadeau.com\/index.php\/wp-json\/wp\/v2\/media?parent=458"}],"wp:term":[{"taxonomy":"product_brand","embeddable":true,"href":"https:\/\/rscadeau.com\/index.php\/wp-json\/wp\/v2\/product_brand?post=458"},{"taxonomy":"product_cat","embeddable":true,"href":"https:\/\/rscadeau.com\/index.php\/wp-json\/wp\/v2\/product_cat?post=458"},{"taxonomy":"product_tag","embeddable":true,"href":"https:\/\/rscadeau.com\/index.php\/wp-json\/wp\/v2\/product_tag?post=458"}],"curies":[{"name":"wp","href":"https:\/\/api.w.org\/{rel}","templated":true}]}}