{"id":46,"date":"2025-10-07T11:53:54","date_gmt":"2025-10-07T11:53:54","guid":{"rendered":"https:\/\/rscadeau.com\/?post_type=product&#038;p=46"},"modified":"2025-10-19T13:20:38","modified_gmt":"2025-10-19T13:20:38","slug":"bouquets-avec-chocolats","status":"publish","type":"product","link":"https:\/\/rscadeau.com\/index.php\/product\/bouquets-avec-chocolats\/","title":{"rendered":"Dreams Floral Arrangement"},"content":{"rendered":"<p>Un joli bouquet de <strong data-start=\"191\" data-end=\"210\">fleurs fra\u00eeches<\/strong> compl\u00e9t\u00e9 par des <strong data-start=\"228\" data-end=\"246\">chocolats fins<\/strong>. Ce m\u00e9lange apportera une touche sucr\u00e9e et florale. Vous pouvez choisir des fleurs comme des <strong data-start=\"340\" data-end=\"349\">roses<\/strong>, et y ajouter des chocolats comme des <strong data-start=\"413\" data-end=\"425\">pralines<\/strong>, des <strong data-start=\"431\" data-end=\"442\">truffes<\/strong> ou des <strong data-start=\"450\" data-end=\"471\">chocolats fourr\u00e9s<\/strong>. L&#8217;aspect color\u00e9 et parfum\u00e9 des fleurs se marie parfaitement avec le go\u00fbt raffin\u00e9 du chocolat.<\/p>\n","protected":false},"excerpt":{"rendered":"<p><strong data-start=\"83\" data-end=\"129\">Bouquet de chocolats et de fleurs fra\u00eeches<\/strong> : Un m\u00e9lange \u00e9l\u00e9gant de fleurs color\u00e9es et de chocolats fins pour une touche sucr\u00e9e et florale.<\/p>\n","protected":false},"featured_media":201,"comment_status":"open","ping_status":"closed","template":"","meta":{"_monsterinsights_skip_tracking":false,"_monsterinsights_sitenote_active":false,"_monsterinsights_sitenote_note":"","_monsterinsights_sitenote_category":0},"product_brand":[],"product_cat":[27],"product_tag":[],"class_list":{"0":"post-46","1":"product","2":"type-product","3":"status-publish","4":"has-post-thumbnail","6":"product_cat-bouquets-avec-chocolats","8":"first","9":"instock","10":"sale","11":"featured","12":"shipping-taxable","13":"purchasable","14":"product-type-simple"},"_links":{"self":[{"href":"https:\/\/rscadeau.com\/index.php\/wp-json\/wp\/v2\/product\/46","targetHints":{"allow":["GET"]}}],"collection":[{"href":"https:\/\/rscadeau.com\/index.php\/wp-json\/wp\/v2\/product"}],"about":[{"href":"https:\/\/rscadeau.com\/index.php\/wp-json\/wp\/v2\/types\/product"}],"replies":[{"embeddable":true,"href":"https:\/\/rscadeau.com\/index.php\/wp-json\/wp\/v2\/comments?post=46"}],"wp:featuredmedia":[{"embeddable":true,"href":"https:\/\/rscadeau.com\/index.php\/wp-json\/wp\/v2\/media\/201"}],"wp:attachment":[{"href":"https:\/\/rscadeau.com\/index.php\/wp-json\/wp\/v2\/media?parent=46"}],"wp:term":[{"taxonomy":"product_brand","embeddable":true,"href":"https:\/\/rscadeau.com\/index.php\/wp-json\/wp\/v2\/product_brand?post=46"},{"taxonomy":"product_cat","embeddable":true,"href":"https:\/\/rscadeau.com\/index.php\/wp-json\/wp\/v2\/product_cat?post=46"},{"taxonomy":"product_tag","embeddable":true,"href":"https:\/\/rscadeau.com\/index.php\/wp-json\/wp\/v2\/product_tag?post=46"}],"curies":[{"name":"wp","href":"https:\/\/api.w.org\/{rel}","templated":true}]}}