{"id":463,"date":"2025-11-12T10:54:24","date_gmt":"2025-11-12T10:54:24","guid":{"rendered":"https:\/\/rscadeau.com\/?post_type=product&#038;p=463"},"modified":"2025-11-12T10:54:24","modified_gmt":"2025-11-12T10:54:24","slug":"amour-eternel-2","status":"publish","type":"product","link":"https:\/\/rscadeau.com\/index.php\/product\/amour-eternel-2\/","title":{"rendered":"Amour \u00c9ternel"},"content":{"rendered":"<p data-start=\"179\" data-end=\"327\">Un bouquet \u00e9l\u00e9gant de <strong data-start=\"201\" data-end=\"226\">roses violet et roses<\/strong>, symbole d\u2019amour et de tendresse. Id\u00e9al pour exprimer vos \u00e9motions avec simplicit\u00e9 et raffinement.<\/p>\n<p data-start=\"329\" data-end=\"416\"><strong data-start=\"329\" data-end=\"346\">Composition :<\/strong> 25 \u00e0 30 roses fra\u00eeches soigneusement arrang\u00e9es avec feuillage .<\/p>\n","protected":false},"excerpt":{"rendered":"<p>Un bouquet \u00e9l\u00e9gant de <strong data-start=\"201\" data-end=\"226\">roses violet et roses<\/strong>, symbole d\u2019amour et de tendresse. Id\u00e9al pour exprimer vos \u00e9motions avec simplicit\u00e9 et raffinement.<\/p>\n","protected":false},"featured_media":464,"comment_status":"open","ping_status":"closed","template":"","meta":{"_monsterinsights_skip_tracking":false,"_monsterinsights_sitenote_active":false,"_monsterinsights_sitenote_note":"","_monsterinsights_sitenote_category":0},"product_brand":[],"product_cat":[21],"product_tag":[],"class_list":{"0":"post-463","1":"product","2":"type-product","3":"status-publish","4":"has-post-thumbnail","6":"product_cat-bouquets-moyenne-bouquets","8":"first","9":"instock","10":"sale","11":"shipping-taxable","12":"purchasable","13":"product-type-simple"},"_links":{"self":[{"href":"https:\/\/rscadeau.com\/index.php\/wp-json\/wp\/v2\/product\/463","targetHints":{"allow":["GET"]}}],"collection":[{"href":"https:\/\/rscadeau.com\/index.php\/wp-json\/wp\/v2\/product"}],"about":[{"href":"https:\/\/rscadeau.com\/index.php\/wp-json\/wp\/v2\/types\/product"}],"replies":[{"embeddable":true,"href":"https:\/\/rscadeau.com\/index.php\/wp-json\/wp\/v2\/comments?post=463"}],"wp:featuredmedia":[{"embeddable":true,"href":"https:\/\/rscadeau.com\/index.php\/wp-json\/wp\/v2\/media\/464"}],"wp:attachment":[{"href":"https:\/\/rscadeau.com\/index.php\/wp-json\/wp\/v2\/media?parent=463"}],"wp:term":[{"taxonomy":"product_brand","embeddable":true,"href":"https:\/\/rscadeau.com\/index.php\/wp-json\/wp\/v2\/product_brand?post=463"},{"taxonomy":"product_cat","embeddable":true,"href":"https:\/\/rscadeau.com\/index.php\/wp-json\/wp\/v2\/product_cat?post=463"},{"taxonomy":"product_tag","embeddable":true,"href":"https:\/\/rscadeau.com\/index.php\/wp-json\/wp\/v2\/product_tag?post=463"}],"curies":[{"name":"wp","href":"https:\/\/api.w.org\/{rel}","templated":true}]}}