{"id":468,"date":"2025-11-12T10:57:59","date_gmt":"2025-11-12T10:57:59","guid":{"rendered":"https:\/\/rscadeau.com\/?post_type=product&#038;p=468"},"modified":"2025-11-12T11:02:20","modified_gmt":"2025-11-12T11:02:20","slug":"roses-du-maghreb","status":"publish","type":"product","link":"https:\/\/rscadeau.com\/index.php\/product\/roses-du-maghreb\/","title":{"rendered":"Roses du Maghreb"},"content":{"rendered":"<p>Un bouquet raffin\u00e9 inspir\u00e9 de la beaut\u00e9 et de la chaleur du Maghreb. Compos\u00e9 de <strong data-start=\"257\" data-end=\"293\">roses, orang\u00e9es,<\/strong>\u00a0il \u00e9voque la passion, la g\u00e9n\u00e9rosit\u00e9 et la lumi\u00e8re des terres marocaines. Chaque rose est s\u00e9lectionn\u00e9e avec soin pour cr\u00e9er un \u00e9quilibre entre intensit\u00e9 et \u00e9l\u00e9gance \u2014 un cadeau parfait pour toutes les occasions.<\/p>\n","protected":false},"excerpt":{"rendered":"<p><strong data-start=\"3\" data-end=\"23\">Roses du Maghreb<\/strong> \u2014 Bouquet \u00e9l\u00e9gant de roses rouges, orang\u00e9es et ivoire, inspir\u00e9 de la beaut\u00e9 et de la chaleur du Maroc.<\/p>\n","protected":false},"featured_media":469,"comment_status":"open","ping_status":"closed","template":"","meta":{"_monsterinsights_skip_tracking":false,"_monsterinsights_sitenote_active":false,"_monsterinsights_sitenote_note":"","_monsterinsights_sitenote_category":0},"product_brand":[],"product_cat":[21],"product_tag":[],"class_list":{"0":"post-468","1":"product","2":"type-product","3":"status-publish","4":"has-post-thumbnail","6":"product_cat-bouquets-moyenne-bouquets","8":"first","9":"instock","10":"sale","11":"shipping-taxable","12":"purchasable","13":"product-type-simple"},"_links":{"self":[{"href":"https:\/\/rscadeau.com\/index.php\/wp-json\/wp\/v2\/product\/468","targetHints":{"allow":["GET"]}}],"collection":[{"href":"https:\/\/rscadeau.com\/index.php\/wp-json\/wp\/v2\/product"}],"about":[{"href":"https:\/\/rscadeau.com\/index.php\/wp-json\/wp\/v2\/types\/product"}],"replies":[{"embeddable":true,"href":"https:\/\/rscadeau.com\/index.php\/wp-json\/wp\/v2\/comments?post=468"}],"wp:featuredmedia":[{"embeddable":true,"href":"https:\/\/rscadeau.com\/index.php\/wp-json\/wp\/v2\/media\/469"}],"wp:attachment":[{"href":"https:\/\/rscadeau.com\/index.php\/wp-json\/wp\/v2\/media?parent=468"}],"wp:term":[{"taxonomy":"product_brand","embeddable":true,"href":"https:\/\/rscadeau.com\/index.php\/wp-json\/wp\/v2\/product_brand?post=468"},{"taxonomy":"product_cat","embeddable":true,"href":"https:\/\/rscadeau.com\/index.php\/wp-json\/wp\/v2\/product_cat?post=468"},{"taxonomy":"product_tag","embeddable":true,"href":"https:\/\/rscadeau.com\/index.php\/wp-json\/wp\/v2\/product_tag?post=468"}],"curies":[{"name":"wp","href":"https:\/\/api.w.org\/{rel}","templated":true}]}}