{"id":473,"date":"2025-11-12T11:01:44","date_gmt":"2025-11-12T11:01:44","guid":{"rendered":"https:\/\/rscadeau.com\/?post_type=product&#038;p=473"},"modified":"2026-04-06T19:38:20","modified_gmt":"2026-04-06T19:38:20","slug":"happy-bouquet","status":"publish","type":"product","link":"https:\/\/rscadeau.com\/index.php\/product\/happy-bouquet\/","title":{"rendered":"Happy Bouquet"},"content":{"rendered":"<p><strong data-start=\"3\" data-end=\"20\">Happy Bouquet<\/strong> \u2014 Un bouquet joyeux de roses color\u00e9es accompagn\u00e9 de d\u00e9licieux chocolats, parfait pour c\u00e9l\u00e9brer l\u2019amour, l\u2019amiti\u00e9 ou une belle surprise gourmande.<\/p>\n","protected":false},"excerpt":{"rendered":"<p><strong data-start=\"3\" data-end=\"20\">Happy Bouquet<\/strong> \u2014 Roses color\u00e9es avec chocolats, pour un cadeau joyeux et gourmand.<\/p>\n","protected":false},"featured_media":474,"comment_status":"open","ping_status":"closed","template":"","meta":{"_monsterinsights_skip_tracking":false,"_monsterinsights_sitenote_active":false,"_monsterinsights_sitenote_note":"","_monsterinsights_sitenote_category":0},"product_brand":[],"product_cat":[27],"product_tag":[],"class_list":{"0":"post-473","1":"product","2":"type-product","3":"status-publish","4":"has-post-thumbnail","6":"product_cat-bouquets-avec-chocolats","8":"first","9":"instock","10":"sale","11":"shipping-taxable","12":"purchasable","13":"product-type-simple"},"_links":{"self":[{"href":"https:\/\/rscadeau.com\/index.php\/wp-json\/wp\/v2\/product\/473","targetHints":{"allow":["GET"]}}],"collection":[{"href":"https:\/\/rscadeau.com\/index.php\/wp-json\/wp\/v2\/product"}],"about":[{"href":"https:\/\/rscadeau.com\/index.php\/wp-json\/wp\/v2\/types\/product"}],"replies":[{"embeddable":true,"href":"https:\/\/rscadeau.com\/index.php\/wp-json\/wp\/v2\/comments?post=473"}],"wp:featuredmedia":[{"embeddable":true,"href":"https:\/\/rscadeau.com\/index.php\/wp-json\/wp\/v2\/media\/474"}],"wp:attachment":[{"href":"https:\/\/rscadeau.com\/index.php\/wp-json\/wp\/v2\/media?parent=473"}],"wp:term":[{"taxonomy":"product_brand","embeddable":true,"href":"https:\/\/rscadeau.com\/index.php\/wp-json\/wp\/v2\/product_brand?post=473"},{"taxonomy":"product_cat","embeddable":true,"href":"https:\/\/rscadeau.com\/index.php\/wp-json\/wp\/v2\/product_cat?post=473"},{"taxonomy":"product_tag","embeddable":true,"href":"https:\/\/rscadeau.com\/index.php\/wp-json\/wp\/v2\/product_tag?post=473"}],"curies":[{"name":"wp","href":"https:\/\/api.w.org\/{rel}","templated":true}]}}