{"id":496,"date":"2025-11-25T22:48:48","date_gmt":"2025-11-25T22:48:48","guid":{"rendered":"https:\/\/rscadeau.com\/?post_type=product&#038;p=496"},"modified":"2026-04-06T19:11:55","modified_gmt":"2026-04-06T19:11:55","slug":"coeur-de-chocolat","status":"publish","type":"product","link":"https:\/\/rscadeau.com\/index.php\/product\/coeur-de-chocolat\/","title":{"rendered":"C\u0153ur de chocolat"},"content":{"rendered":"<p data-start=\"97\" data-end=\"134\"><strong data-start=\"97\" data-end=\"134\">C\u0153ur en chocolat et fleurs rouges<\/strong><\/p>\n<p data-start=\"136\" data-end=\"539\">Offrez un cadeau aussi d\u00e9licieux qu\u2019\u00e9l\u00e9gant avec ce c\u0153ur en chocolat accompagn\u00e9 de magnifiques fleurs rouges. Le chocolat fondant et riche en saveurs se marie parfaitement avec la beaut\u00e9 vibrante des fleurs rouges, symbolisant l&#8217;amour et la passion. Id\u00e9al pour la Saint-Valentin, un anniversaire ou toute occasion sp\u00e9ciale, ce duo raffin\u00e9 saura ravir les sens et transmettre vos plus tendres sentiments.<\/p>\n","protected":false},"excerpt":{"rendered":"<p data-start=\"38\" data-end=\"75\"><strong data-start=\"38\" data-end=\"75\">C\u0153ur en chocolat et fleurs rouges<\/strong><\/p>\n<p data-start=\"77\" data-end=\"219\">Un c\u0153ur en chocolat fondant accompagn\u00e9 de superbes fleurs rouges, parfait pour exprimer l&#8217;amour et la passion lors de toute occasion sp\u00e9ciale.<\/p>\n","protected":false},"featured_media":497,"comment_status":"open","ping_status":"closed","template":"","meta":{"_monsterinsights_skip_tracking":false,"_monsterinsights_sitenote_active":false,"_monsterinsights_sitenote_note":"","_monsterinsights_sitenote_category":0},"product_brand":[],"product_cat":[27,23,22],"product_tag":[],"class_list":{"0":"post-496","1":"product","2":"type-product","3":"status-publish","4":"has-post-thumbnail","6":"product_cat-bouquets-avec-chocolats","7":"product_cat-bon-plans","8":"product_cat-pack","10":"first","11":"instock","12":"sale","13":"shipping-taxable","14":"purchasable","15":"product-type-simple"},"_links":{"self":[{"href":"https:\/\/rscadeau.com\/index.php\/wp-json\/wp\/v2\/product\/496","targetHints":{"allow":["GET"]}}],"collection":[{"href":"https:\/\/rscadeau.com\/index.php\/wp-json\/wp\/v2\/product"}],"about":[{"href":"https:\/\/rscadeau.com\/index.php\/wp-json\/wp\/v2\/types\/product"}],"replies":[{"embeddable":true,"href":"https:\/\/rscadeau.com\/index.php\/wp-json\/wp\/v2\/comments?post=496"}],"wp:featuredmedia":[{"embeddable":true,"href":"https:\/\/rscadeau.com\/index.php\/wp-json\/wp\/v2\/media\/497"}],"wp:attachment":[{"href":"https:\/\/rscadeau.com\/index.php\/wp-json\/wp\/v2\/media?parent=496"}],"wp:term":[{"taxonomy":"product_brand","embeddable":true,"href":"https:\/\/rscadeau.com\/index.php\/wp-json\/wp\/v2\/product_brand?post=496"},{"taxonomy":"product_cat","embeddable":true,"href":"https:\/\/rscadeau.com\/index.php\/wp-json\/wp\/v2\/product_cat?post=496"},{"taxonomy":"product_tag","embeddable":true,"href":"https:\/\/rscadeau.com\/index.php\/wp-json\/wp\/v2\/product_tag?post=496"}],"curies":[{"name":"wp","href":"https:\/\/api.w.org\/{rel}","templated":true}]}}