{"id":504,"date":"2025-11-28T11:27:39","date_gmt":"2025-11-28T11:27:39","guid":{"rendered":"https:\/\/rscadeau.com\/?post_type=product&#038;p=504"},"modified":"2026-02-28T13:37:07","modified_gmt":"2026-02-28T13:37:07","slug":"rayon-de-soleil","status":"publish","type":"product","link":"https:\/\/rscadeau.com\/index.php\/product\/rayon-de-soleil\/","title":{"rendered":"Rayon de soleil"},"content":{"rendered":"<h3 data-start=\"123\" data-end=\"156\"><strong data-start=\"127\" data-end=\"156\">Bouquet &#8220;Rayon de Soleil&#8221;<\/strong><\/h3>\n<p data-start=\"158\" data-end=\"372\">Laissez-vous envelopper par la chaleur et la passion de notre bouquet <strong data-start=\"228\" data-end=\"249\">&#8220;Rayon de Soleil&#8221;<\/strong>, une composition florale \u00e9clatante et vibrante, parfaite pour apporter une touche de lumi\u00e8re et de joie \u00e0 chaque occasion.<\/p>\n<p data-start=\"374\" data-end=\"802\">Ce bouquet g\u00e9n\u00e9reusement compos\u00e9 d\u2019environ <strong data-start=\"417\" data-end=\"437\">40 fleurs rouges<\/strong> \u00e9voque la beaut\u00e9 et la chaleur d\u2019un rayon de soleil qui r\u00e9chauffe les c\u0153urs. Chaque p\u00e9tale rouge, symbole de passion et de vitalit\u00e9, est soigneusement s\u00e9lectionn\u00e9 pour cr\u00e9er un ensemble harmonieux et dynamique. Que ce soit pour une d\u00e9claration d&#8217;amour, un anniversaire, ou un moment sp\u00e9cial \u00e0 c\u00e9l\u00e9brer, ce bouquet saura transmettre des \u00e9motions fortes et sinc\u00e8res.<\/p>\n","protected":false},"excerpt":{"rendered":"<h3 data-start=\"56\" data-end=\"89\"><strong data-start=\"60\" data-end=\"89\">Bouquet &#8220;Rayon de Soleil&#8221;<\/strong><\/h3>\n<p data-start=\"91\" data-end=\"352\">Un bouquet \u00e9clatant compos\u00e9 d\u2019environ <strong data-start=\"129\" data-end=\"149\">40 fleurs rouges<\/strong> (roses, pivoines, gerberas), symbolisant la passion et la joie<\/p>\n","protected":false},"featured_media":505,"comment_status":"open","ping_status":"closed","template":"","meta":{"_monsterinsights_skip_tracking":false,"_monsterinsights_sitenote_active":false,"_monsterinsights_sitenote_note":"","_monsterinsights_sitenote_category":0},"product_brand":[],"product_cat":[21],"product_tag":[],"class_list":{"0":"post-504","1":"product","2":"type-product","3":"status-publish","4":"has-post-thumbnail","6":"product_cat-bouquets-moyenne-bouquets","8":"first","9":"instock","10":"sale","11":"shipping-taxable","12":"purchasable","13":"product-type-simple"},"_links":{"self":[{"href":"https:\/\/rscadeau.com\/index.php\/wp-json\/wp\/v2\/product\/504","targetHints":{"allow":["GET"]}}],"collection":[{"href":"https:\/\/rscadeau.com\/index.php\/wp-json\/wp\/v2\/product"}],"about":[{"href":"https:\/\/rscadeau.com\/index.php\/wp-json\/wp\/v2\/types\/product"}],"replies":[{"embeddable":true,"href":"https:\/\/rscadeau.com\/index.php\/wp-json\/wp\/v2\/comments?post=504"}],"wp:featuredmedia":[{"embeddable":true,"href":"https:\/\/rscadeau.com\/index.php\/wp-json\/wp\/v2\/media\/505"}],"wp:attachment":[{"href":"https:\/\/rscadeau.com\/index.php\/wp-json\/wp\/v2\/media?parent=504"}],"wp:term":[{"taxonomy":"product_brand","embeddable":true,"href":"https:\/\/rscadeau.com\/index.php\/wp-json\/wp\/v2\/product_brand?post=504"},{"taxonomy":"product_cat","embeddable":true,"href":"https:\/\/rscadeau.com\/index.php\/wp-json\/wp\/v2\/product_cat?post=504"},{"taxonomy":"product_tag","embeddable":true,"href":"https:\/\/rscadeau.com\/index.php\/wp-json\/wp\/v2\/product_tag?post=504"}],"curies":[{"name":"wp","href":"https:\/\/api.w.org\/{rel}","templated":true}]}}