{"id":509,"date":"2025-11-28T11:34:32","date_gmt":"2025-11-28T11:34:32","guid":{"rendered":"https:\/\/rscadeau.com\/?post_type=product&#038;p=509"},"modified":"2026-02-28T13:34:05","modified_gmt":"2026-02-28T13:34:05","slug":"eclat-de-mariage","status":"publish","type":"product","link":"https:\/\/rscadeau.com\/index.php\/product\/eclat-de-mariage\/","title":{"rendered":"\u00c9clat de mariage"},"content":{"rendered":"<h3 data-start=\"83\" data-end=\"117\"><strong data-start=\"87\" data-end=\"117\">Bouquet &#8220;\u00c9clat de Mariage&#8221;<\/strong><\/h3>\n<p data-start=\"119\" data-end=\"434\">Faites briller votre journ\u00e9e sp\u00e9ciale avec le bouquet <strong data-start=\"173\" data-end=\"195\">&#8220;\u00c9clat de Mariage&#8221;<\/strong>. Compos\u00e9 de <strong data-start=\"208\" data-end=\"221\">35 fleurs<\/strong> soigneusement s\u00e9lectionn\u00e9es, dont de magnifiques roses rouges et roses, ce bouquet incarne l&#8217;\u00e9l\u00e9gance et l&#8217;amour. Chaque fleur est choisie pour sa beaut\u00e9 et sa fra\u00eecheur, cr\u00e9ant un ensemble harmonieux et raffin\u00e9.<\/p>\n<p data-start=\"436\" data-end=\"659\">Ce bouquet est rehauss\u00e9 d&#8217;un <strong data-start=\"465\" data-end=\"486\">band personnalis\u00e9<\/strong>, ajoutant une touche unique et intime \u00e0 votre mariage. Que ce soit pour la mari\u00e9e ou pour les demoiselles d&#8217;honneur, ce bouquet sublimera chaque instant de votre c\u00e9r\u00e9monie.<\/p>\n<h3 data-start=\"661\" data-end=\"687\"><strong data-start=\"665\" data-end=\"687\">Caract\u00e9ristiques :<\/strong><\/h3>\n<ul data-start=\"688\" data-end=\"952\">\n<li data-start=\"688\" data-end=\"750\">\n<p data-start=\"690\" data-end=\"750\"><strong data-start=\"690\" data-end=\"707\">Composition :<\/strong> 35 fleurs fra\u00eeches (roses rouges )<\/p>\n<\/li>\n<li data-start=\"751\" data-end=\"802\">\n<p data-start=\"753\" data-end=\"802\"><strong data-start=\"753\" data-end=\"774\">Band personnalis\u00e9<\/strong> pour une touche personnelle<\/p>\n<\/li>\n<li data-start=\"803\" data-end=\"846\">\n<p data-start=\"805\" data-end=\"846\"><strong data-start=\"805\" data-end=\"816\">Style :<\/strong> \u00c9l\u00e9gant, romantique et unique<\/p>\n<\/li>\n<li data-start=\"847\" data-end=\"952\">\n<p data-start=\"849\" data-end=\"952\"><strong data-start=\"849\" data-end=\"864\">Occasions :<\/strong> Parfait pour les mariages, les c\u00e9r\u00e9monies de fian\u00e7ailles ou comme cadeau d&#8217;anniversaire<\/p>\n<\/li>\n<\/ul>\n","protected":false},"excerpt":{"rendered":"<h3 data-start=\"56\" data-end=\"90\"><strong data-start=\"60\" data-end=\"90\">Bouquet &#8220;\u00c9clat de Mariage&#8221;<\/strong><\/h3>\n<p data-start=\"92\" data-end=\"321\">Un bouquet \u00e9l\u00e9gant compos\u00e9 de <strong data-start=\"122\" data-end=\"151\">35 fleurs rouges et roses<\/strong>, symbolisant l&#8217;amour et la beaut\u00e9. Ce bouquet est orn\u00e9 d&#8217;un <strong data-start=\"212\" data-end=\"233\">band personnalis\u00e9<\/strong><\/p>\n","protected":false},"featured_media":510,"comment_status":"open","ping_status":"closed","template":"","meta":{"_monsterinsights_skip_tracking":false,"_monsterinsights_sitenote_active":false,"_monsterinsights_sitenote_note":"","_monsterinsights_sitenote_category":0},"product_brand":[],"product_cat":[21],"product_tag":[],"class_list":{"0":"post-509","1":"product","2":"type-product","3":"status-publish","4":"has-post-thumbnail","6":"product_cat-bouquets-moyenne-bouquets","8":"first","9":"instock","10":"sale","11":"shipping-taxable","12":"purchasable","13":"product-type-simple"},"_links":{"self":[{"href":"https:\/\/rscadeau.com\/index.php\/wp-json\/wp\/v2\/product\/509","targetHints":{"allow":["GET"]}}],"collection":[{"href":"https:\/\/rscadeau.com\/index.php\/wp-json\/wp\/v2\/product"}],"about":[{"href":"https:\/\/rscadeau.com\/index.php\/wp-json\/wp\/v2\/types\/product"}],"replies":[{"embeddable":true,"href":"https:\/\/rscadeau.com\/index.php\/wp-json\/wp\/v2\/comments?post=509"}],"wp:featuredmedia":[{"embeddable":true,"href":"https:\/\/rscadeau.com\/index.php\/wp-json\/wp\/v2\/media\/510"}],"wp:attachment":[{"href":"https:\/\/rscadeau.com\/index.php\/wp-json\/wp\/v2\/media?parent=509"}],"wp:term":[{"taxonomy":"product_brand","embeddable":true,"href":"https:\/\/rscadeau.com\/index.php\/wp-json\/wp\/v2\/product_brand?post=509"},{"taxonomy":"product_cat","embeddable":true,"href":"https:\/\/rscadeau.com\/index.php\/wp-json\/wp\/v2\/product_cat?post=509"},{"taxonomy":"product_tag","embeddable":true,"href":"https:\/\/rscadeau.com\/index.php\/wp-json\/wp\/v2\/product_tag?post=509"}],"curies":[{"name":"wp","href":"https:\/\/api.w.org\/{rel}","templated":true}]}}