{"id":519,"date":"2025-11-28T11:45:02","date_gmt":"2025-11-28T11:45:02","guid":{"rendered":"https:\/\/rscadeau.com\/?post_type=product&#038;p=519"},"modified":"2025-11-28T11:45:02","modified_gmt":"2025-11-28T11:45:02","slug":"felicitations-florales","status":"publish","type":"product","link":"https:\/\/rscadeau.com\/index.php\/product\/felicitations-florales\/","title":{"rendered":"F\u00e9licitations florales"},"content":{"rendered":"<h3 data-start=\"90\" data-end=\"130\"><strong data-start=\"94\" data-end=\"130\">Bouquet &#8220;F\u00e9licitations Florales&#8221;<\/strong><\/h3>\n<p data-start=\"132\" data-end=\"553\">Ce petit bouquet raffin\u00e9 est une mani\u00e8re parfaite d&#8217;exprimer vos <strong data-start=\"197\" data-end=\"214\">f\u00e9licitations<\/strong> de mani\u00e8re \u00e9l\u00e9gante et joyeuse. Compos\u00e9 de <strong data-start=\"258\" data-end=\"294\">fleurs roses, rouges et blanches<\/strong>, il marie harmonieusement les couleurs pour cr\u00e9er un \u00e9quilibre parfait entre douceur et passion. Les <strong data-start=\"396\" data-end=\"411\">roses roses<\/strong> symbolisent la gratitude, les <strong data-start=\"442\" data-end=\"458\">roses rouges<\/strong> l&#8217;amour et la passion, tandis que les <strong data-start=\"497\" data-end=\"516\">fleurs blanches<\/strong> \u00e9voquent la puret\u00e9 et la sinc\u00e9rit\u00e9.<\/p>\n<p data-start=\"555\" data-end=\"801\">Ce bouquet est id\u00e9al pour des occasions comme des <strong data-start=\"605\" data-end=\"633\">f\u00e9licitations de mariage<\/strong>, une <strong data-start=\"639\" data-end=\"652\">promotion<\/strong>, ou toute autre c\u00e9l\u00e9bration marquante. Sa composition compacte et \u00e9l\u00e9gante en fait un cadeau parfait pour envoyer un message de joie et de r\u00e9ussite.<\/p>\n<h3 data-start=\"803\" data-end=\"829\"><strong data-start=\"807\" data-end=\"829\">Caract\u00e9ristiques :<\/strong><\/h3>\n<ul data-start=\"830\" data-end=\"1003\">\n<li data-start=\"830\" data-end=\"881\">\n<p data-start=\"832\" data-end=\"881\"><strong data-start=\"832\" data-end=\"849\">Composition :<\/strong> Roses roses, rouges et blanches<\/p>\n<\/li>\n<li data-start=\"882\" data-end=\"961\">\n<p data-start=\"884\" data-end=\"961\"><strong data-start=\"884\" data-end=\"899\">Occasions :<\/strong> F\u00e9licitations, anniversaires, promotions, \u00e9v\u00e9nements sp\u00e9ciaux<\/p>\n<\/li>\n<li data-start=\"962\" data-end=\"1003\">\n<p data-start=\"964\" data-end=\"1003\"><strong data-start=\"964\" data-end=\"975\">Style :<\/strong> \u00c9l\u00e9gant, joyeux, symbolique<\/p>\n<\/li>\n<\/ul>\n<p data-start=\"1005\" data-end=\"1077\">Un bouquet qui transmet vos meilleurs v\u0153ux de fa\u00e7on touchante et styl\u00e9e.<\/p>\n","protected":false},"excerpt":{"rendered":"<h3 data-start=\"83\" data-end=\"123\"><strong data-start=\"87\" data-end=\"123\">Bouquet &#8220;F\u00e9licitations Florales&#8221;<\/strong><\/h3>\n<p data-start=\"125\" data-end=\"265\">Un petit bouquet charmant compos\u00e9 de <strong data-start=\"162\" data-end=\"198\">fleurs roses, rouges et blanches<\/strong>, parfait pour exprimer vos f\u00e9licitations avec \u00e9l\u00e9gance et douceur.<\/p>\n","protected":false},"featured_media":520,"comment_status":"open","ping_status":"closed","template":"","meta":{"_monsterinsights_skip_tracking":false,"_monsterinsights_sitenote_active":false,"_monsterinsights_sitenote_note":"","_monsterinsights_sitenote_category":0},"product_brand":[],"product_cat":[20],"product_tag":[],"class_list":{"0":"post-519","1":"product","2":"type-product","3":"status-publish","4":"has-post-thumbnail","6":"product_cat-bouquets-petite","8":"first","9":"instock","10":"sale","11":"shipping-taxable","12":"purchasable","13":"product-type-simple"},"_links":{"self":[{"href":"https:\/\/rscadeau.com\/index.php\/wp-json\/wp\/v2\/product\/519","targetHints":{"allow":["GET"]}}],"collection":[{"href":"https:\/\/rscadeau.com\/index.php\/wp-json\/wp\/v2\/product"}],"about":[{"href":"https:\/\/rscadeau.com\/index.php\/wp-json\/wp\/v2\/types\/product"}],"replies":[{"embeddable":true,"href":"https:\/\/rscadeau.com\/index.php\/wp-json\/wp\/v2\/comments?post=519"}],"wp:featuredmedia":[{"embeddable":true,"href":"https:\/\/rscadeau.com\/index.php\/wp-json\/wp\/v2\/media\/520"}],"wp:attachment":[{"href":"https:\/\/rscadeau.com\/index.php\/wp-json\/wp\/v2\/media?parent=519"}],"wp:term":[{"taxonomy":"product_brand","embeddable":true,"href":"https:\/\/rscadeau.com\/index.php\/wp-json\/wp\/v2\/product_brand?post=519"},{"taxonomy":"product_cat","embeddable":true,"href":"https:\/\/rscadeau.com\/index.php\/wp-json\/wp\/v2\/product_cat?post=519"},{"taxonomy":"product_tag","embeddable":true,"href":"https:\/\/rscadeau.com\/index.php\/wp-json\/wp\/v2\/product_tag?post=519"}],"curies":[{"name":"wp","href":"https:\/\/api.w.org\/{rel}","templated":true}]}}