{"id":524,"date":"2025-11-29T20:59:43","date_gmt":"2025-11-29T20:59:43","guid":{"rendered":"https:\/\/rscadeau.com\/?post_type=product&#038;p=524"},"modified":"2025-11-29T21:11:04","modified_gmt":"2025-11-29T21:11:04","slug":"moyen-chic","status":"publish","type":"product","link":"https:\/\/rscadeau.com\/index.php\/product\/moyen-chic\/","title":{"rendered":"Moyen &#038; Chic"},"content":{"rendered":"<p data-start=\"153\" data-end=\"402\">Le <strong data-start=\"156\" data-end=\"182\">bouquet &#8220;Moyen &amp; Chic&#8221;<\/strong> est une parfaite fusion de raffinement et de fra\u00eecheur. Compos\u00e9 de <strong data-start=\"250\" data-end=\"266\">roses jeunes<\/strong> aux p\u00e9tales d\u00e9licats et aux couleurs \u00e9clatantes, ce bouquet apportera une touche de <strong data-start=\"351\" data-end=\"362\">douceur<\/strong> et de <strong data-start=\"369\" data-end=\"377\">luxe<\/strong> \u00e0 toutes les occasions.<\/p>\n<p data-start=\"404\" data-end=\"630\">Chaque rose, soigneusement s\u00e9lectionn\u00e9e, symbolise <strong data-start=\"455\" data-end=\"466\">l&#8217;amour<\/strong>, la <strong data-start=\"471\" data-end=\"481\">beaut\u00e9<\/strong> et la <strong data-start=\"488\" data-end=\"501\">renouveau<\/strong>. Le tout est mis en valeur par un <strong data-start=\"536\" data-end=\"558\">arrangement subtil<\/strong> et harmonieux qui fait de ce bouquet une v\u00e9ritable \u0153uvre d&#8217;art florale.<\/p>\n","protected":false},"excerpt":{"rendered":"<p>Un m\u00e9lange parfait de <strong data-start=\"109\" data-end=\"125\">roses jeunes<\/strong>, fra\u00eeches et \u00e9l\u00e9gantes. Ce bouquet apporte une touche de <strong data-start=\"183\" data-end=\"198\">raffinement<\/strong> et de <strong data-start=\"205\" data-end=\"216\">douceur<\/strong>, id\u00e9al pour toutes les occasions sp\u00e9ciales. Un cadeau parfait pour un moment inoubliable.<\/p>\n","protected":false},"featured_media":525,"comment_status":"open","ping_status":"closed","template":"","meta":{"_monsterinsights_skip_tracking":false,"_monsterinsights_sitenote_active":false,"_monsterinsights_sitenote_note":"","_monsterinsights_sitenote_category":0},"product_brand":[],"product_cat":[21,23],"product_tag":[],"class_list":{"0":"post-524","1":"product","2":"type-product","3":"status-publish","4":"has-post-thumbnail","6":"product_cat-bouquets-moyenne-bouquets","7":"product_cat-bon-plans","9":"first","10":"instock","11":"sale","12":"shipping-taxable","13":"purchasable","14":"product-type-simple"},"_links":{"self":[{"href":"https:\/\/rscadeau.com\/index.php\/wp-json\/wp\/v2\/product\/524","targetHints":{"allow":["GET"]}}],"collection":[{"href":"https:\/\/rscadeau.com\/index.php\/wp-json\/wp\/v2\/product"}],"about":[{"href":"https:\/\/rscadeau.com\/index.php\/wp-json\/wp\/v2\/types\/product"}],"replies":[{"embeddable":true,"href":"https:\/\/rscadeau.com\/index.php\/wp-json\/wp\/v2\/comments?post=524"}],"wp:featuredmedia":[{"embeddable":true,"href":"https:\/\/rscadeau.com\/index.php\/wp-json\/wp\/v2\/media\/525"}],"wp:attachment":[{"href":"https:\/\/rscadeau.com\/index.php\/wp-json\/wp\/v2\/media?parent=524"}],"wp:term":[{"taxonomy":"product_brand","embeddable":true,"href":"https:\/\/rscadeau.com\/index.php\/wp-json\/wp\/v2\/product_brand?post=524"},{"taxonomy":"product_cat","embeddable":true,"href":"https:\/\/rscadeau.com\/index.php\/wp-json\/wp\/v2\/product_cat?post=524"},{"taxonomy":"product_tag","embeddable":true,"href":"https:\/\/rscadeau.com\/index.php\/wp-json\/wp\/v2\/product_tag?post=524"}],"curies":[{"name":"wp","href":"https:\/\/api.w.org\/{rel}","templated":true}]}}