{"id":535,"date":"2025-11-29T21:16:01","date_gmt":"2025-11-29T21:16:01","guid":{"rendered":"https:\/\/rscadeau.com\/?post_type=product&#038;p=535"},"modified":"2025-11-29T21:18:16","modified_gmt":"2025-11-29T21:18:16","slug":"milieu-floral","status":"publish","type":"product","link":"https:\/\/rscadeau.com\/index.php\/product\/milieu-floral\/","title":{"rendered":"Milieu Floral"},"content":{"rendered":"<p>Le <strong data-start=\"164\" data-end=\"191\">bouquet &#8220;Milieu Floral&#8221;<\/strong> combine l&#8217;intensit\u00e9 des <strong data-start=\"216\" data-end=\"232\">roses rouges<\/strong>, symboles de <strong data-start=\"246\" data-end=\"257\">passion<\/strong> et d&#8217;<strong data-start=\"263\" data-end=\"280\">amour \u00e9ternel<\/strong>, avec la puret\u00e9 des <strong data-start=\"301\" data-end=\"319\">roses blanches<\/strong>, repr\u00e9sentant la <strong data-start=\"337\" data-end=\"345\">paix<\/strong> et la <strong data-start=\"352\" data-end=\"364\">d\u00e9votion<\/strong>. Ce bouquet cr\u00e9e un contraste harmonieux, parfait pour exprimer des sentiments forts et sinc\u00e8res, que ce soit pour un anniversaire, une d\u00e9claration ou un moment sp\u00e9cial \u00e0 c\u00e9l\u00e9brer.<\/p>\n","protected":false},"excerpt":{"rendered":"<p>Un m\u00e9lange parfait de <strong data-start=\"107\" data-end=\"123\">roses rouges<\/strong> et <strong data-start=\"127\" data-end=\"139\">blanches<\/strong>, symbolisant <strong data-start=\"153\" data-end=\"164\">l&#8217;amour<\/strong> et la <strong data-start=\"171\" data-end=\"181\">puret\u00e9<\/strong>. Un bouquet \u00e9l\u00e9gant pour exprimer des sentiments sinc\u00e8res et forts.<\/p>\n","protected":false},"featured_media":536,"comment_status":"open","ping_status":"closed","template":"","meta":{"_monsterinsights_skip_tracking":false,"_monsterinsights_sitenote_active":false,"_monsterinsights_sitenote_note":"","_monsterinsights_sitenote_category":0},"product_brand":[],"product_cat":[21,20],"product_tag":[],"class_list":{"0":"post-535","1":"product","2":"type-product","3":"status-publish","4":"has-post-thumbnail","6":"product_cat-bouquets-moyenne-bouquets","7":"product_cat-bouquets-petite","9":"first","10":"instock","11":"sale","12":"shipping-taxable","13":"purchasable","14":"product-type-simple"},"_links":{"self":[{"href":"https:\/\/rscadeau.com\/index.php\/wp-json\/wp\/v2\/product\/535","targetHints":{"allow":["GET"]}}],"collection":[{"href":"https:\/\/rscadeau.com\/index.php\/wp-json\/wp\/v2\/product"}],"about":[{"href":"https:\/\/rscadeau.com\/index.php\/wp-json\/wp\/v2\/types\/product"}],"replies":[{"embeddable":true,"href":"https:\/\/rscadeau.com\/index.php\/wp-json\/wp\/v2\/comments?post=535"}],"wp:featuredmedia":[{"embeddable":true,"href":"https:\/\/rscadeau.com\/index.php\/wp-json\/wp\/v2\/media\/536"}],"wp:attachment":[{"href":"https:\/\/rscadeau.com\/index.php\/wp-json\/wp\/v2\/media?parent=535"}],"wp:term":[{"taxonomy":"product_brand","embeddable":true,"href":"https:\/\/rscadeau.com\/index.php\/wp-json\/wp\/v2\/product_brand?post=535"},{"taxonomy":"product_cat","embeddable":true,"href":"https:\/\/rscadeau.com\/index.php\/wp-json\/wp\/v2\/product_cat?post=535"},{"taxonomy":"product_tag","embeddable":true,"href":"https:\/\/rscadeau.com\/index.php\/wp-json\/wp\/v2\/product_tag?post=535"}],"curies":[{"name":"wp","href":"https:\/\/api.w.org\/{rel}","templated":true}]}}