{"id":573,"date":"2025-12-31T12:41:43","date_gmt":"2025-12-31T12:41:43","guid":{"rendered":"https:\/\/rscadeau.com\/?post_type=product&#038;p=573"},"modified":"2026-02-28T13:30:05","modified_gmt":"2026-02-28T13:30:05","slug":"pack-de-joie","status":"publish","type":"product","link":"https:\/\/rscadeau.com\/index.php\/product\/pack-de-joie\/","title":{"rendered":"pack de joie"},"content":{"rendered":"<p data-start=\"146\" data-end=\"413\">Le <strong data-start=\"149\" data-end=\"165\">Pack de Joie<\/strong> est une composition parfaite pour transmettre amour, tendresse et \u00e9motion. Il comprend un <strong data-start=\"256\" data-end=\"289\">bouquet de 20 fleurs fra\u00eeches<\/strong>, soigneusement s\u00e9lectionn\u00e9es pour leur couleur, leur fra\u00eecheur et leur \u00e9l\u00e9gance, cr\u00e9ant une harmonie florale pleine de vie.<\/p>\n<p data-start=\"415\" data-end=\"623\">Ce bouquet est accompagn\u00e9 d\u2019une <strong data-start=\"447\" data-end=\"476\">peluche douce et adorable<\/strong>, symbole de r\u00e9confort et d\u2019affection, ainsi que d\u2019une <strong data-start=\"531\" data-end=\"563\">bo\u00eete de chocolat d\u00e9licieuse<\/strong>, id\u00e9ale pour compl\u00e9ter ce cadeau avec une touche gourmande.<\/p>\n<p data-start=\"625\" data-end=\"801\">Pr\u00e9sent\u00e9 avec soin, le <strong data-start=\"648\" data-end=\"664\">Pack de Joie<\/strong> est le choix id\u00e9al pour un anniversaire, une surprise romantique, une naissance ou simplement pour faire plaisir \u00e0 quelqu\u2019un de sp\u00e9cial.<\/p>\n<p data-start=\"803\" data-end=\"826\">\u2728 <strong data-start=\"805\" data-end=\"826\">Contenu du pack :<\/strong><\/p>\n<ul data-start=\"827\" data-end=\"929\">\n<li data-start=\"827\" data-end=\"862\">\n<p data-start=\"829\" data-end=\"862\">Bouquet de <strong data-start=\"840\" data-end=\"862\">20 fleurs fra\u00eeches<\/strong><\/p>\n<\/li>\n<li data-start=\"863\" data-end=\"882\">\n<p data-start=\"865\" data-end=\"882\"><strong data-start=\"865\" data-end=\"882\">Peluche douce<\/strong><\/p>\n<\/li>\n<li data-start=\"883\" data-end=\"906\">\n<p data-start=\"885\" data-end=\"906\"><strong data-start=\"885\" data-end=\"906\">Bo\u00eete de chocolat<\/strong><\/p>\n<\/li>\n<li data-start=\"907\" data-end=\"929\">\n<p data-start=\"909\" data-end=\"929\">Pr\u00e9sentation soign\u00e9e<\/p>\n<\/li>\n<\/ul>\n<p data-start=\"931\" data-end=\"995\">\ud83c\udf81 <strong data-start=\"934\" data-end=\"950\">Pack de Joie<\/strong>, le cadeau parfait pour partager le bonheur.<\/p>\n","protected":false},"excerpt":{"rendered":"<p><strong data-start=\"81\" data-end=\"97\">Pack de Joie<\/strong> : un charmant <strong data-start=\"112\" data-end=\"136\" data-is-only-node=\"\">bouquet de 20 fleurs<\/strong>, accompagn\u00e9 d\u2019un <strong data-start=\"154\" data-end=\"171\">peluche douce<\/strong> et d\u2019une <strong data-start=\"181\" data-end=\"202\">bo\u00eete de chocolat<\/strong>, pour offrir un moment de bonheur et de tendresse. \ud83d\udc96\u2728<\/p>\n","protected":false},"featured_media":574,"comment_status":"open","ping_status":"closed","template":"","meta":{"_monsterinsights_skip_tracking":false,"_monsterinsights_sitenote_active":false,"_monsterinsights_sitenote_note":"","_monsterinsights_sitenote_category":0},"product_brand":[],"product_cat":[23,21],"product_tag":[],"class_list":{"0":"post-573","1":"product","2":"type-product","3":"status-publish","4":"has-post-thumbnail","6":"product_cat-bon-plans","7":"product_cat-bouquets-moyenne-bouquets","9":"first","10":"instock","11":"sale","12":"shipping-taxable","13":"purchasable","14":"product-type-simple"},"_links":{"self":[{"href":"https:\/\/rscadeau.com\/index.php\/wp-json\/wp\/v2\/product\/573","targetHints":{"allow":["GET"]}}],"collection":[{"href":"https:\/\/rscadeau.com\/index.php\/wp-json\/wp\/v2\/product"}],"about":[{"href":"https:\/\/rscadeau.com\/index.php\/wp-json\/wp\/v2\/types\/product"}],"replies":[{"embeddable":true,"href":"https:\/\/rscadeau.com\/index.php\/wp-json\/wp\/v2\/comments?post=573"}],"wp:featuredmedia":[{"embeddable":true,"href":"https:\/\/rscadeau.com\/index.php\/wp-json\/wp\/v2\/media\/574"}],"wp:attachment":[{"href":"https:\/\/rscadeau.com\/index.php\/wp-json\/wp\/v2\/media?parent=573"}],"wp:term":[{"taxonomy":"product_brand","embeddable":true,"href":"https:\/\/rscadeau.com\/index.php\/wp-json\/wp\/v2\/product_brand?post=573"},{"taxonomy":"product_cat","embeddable":true,"href":"https:\/\/rscadeau.com\/index.php\/wp-json\/wp\/v2\/product_cat?post=573"},{"taxonomy":"product_tag","embeddable":true,"href":"https:\/\/rscadeau.com\/index.php\/wp-json\/wp\/v2\/product_tag?post=573"}],"curies":[{"name":"wp","href":"https:\/\/api.w.org\/{rel}","templated":true}]}}