{"id":578,"date":"2026-01-01T12:03:10","date_gmt":"2026-01-01T12:03:10","guid":{"rendered":"https:\/\/rscadeau.com\/?post_type=product&#038;p=578"},"modified":"2026-01-01T12:03:10","modified_gmt":"2026-01-01T12:03:10","slug":"signature-neige-fleurs","status":"publish","type":"product","link":"https:\/\/rscadeau.com\/index.php\/product\/signature-neige-fleurs\/","title":{"rendered":"Signature Neige &#038; Fleurs"},"content":{"rendered":"<p><strong data-start=\"165\" data-end=\"193\">Signature Neige &amp; Fleurs<\/strong> est une cr\u00e9ation raffin\u00e9e qui r\u00e9unit la d\u00e9licatesse des <strong data-start=\"250\" data-end=\"290\">fleurs roses soigneusement compos\u00e9es<\/strong>, la magie d\u2019une <strong data-start=\"307\" data-end=\"336\">boule de neige d\u00e9corative<\/strong>, et la gourmandise d\u2019un <strong data-start=\"361\" data-end=\"384\">chocolat de qualit\u00e9<\/strong>.<br data-start=\"385\" data-end=\"388\" \/>Un coffret plein de douceur et d\u2019\u00e9motion, id\u00e9al pour exprimer l\u2019amour, la tendresse et l\u2019attention lors d\u2019un anniversaire, d\u2019une f\u00eate sp\u00e9ciale ou simplement pour faire plaisir.<br data-start=\"564\" data-end=\"567\" \/>Chaque d\u00e9tail est pens\u00e9 pour offrir un cadeau \u00e9l\u00e9gant, romantique et inoubliable.<\/p>\n","protected":false},"excerpt":{"rendered":"<p>Un coffret chic compos\u00e9 d\u2019un <strong data-start=\"704\" data-end=\"731\">bouquet de fleurs roses<\/strong>, d\u2019une <strong data-start=\"739\" data-end=\"766\">boule de neige f\u00e9\u00e9rique<\/strong> et de <strong data-start=\"773\" data-end=\"785\">chocolat<\/strong>, pour un cadeau plein d\u2019\u00e9motion.<\/p>\n","protected":false},"featured_media":579,"comment_status":"open","ping_status":"closed","template":"","meta":{"_monsterinsights_skip_tracking":false,"_monsterinsights_sitenote_active":false,"_monsterinsights_sitenote_note":"","_monsterinsights_sitenote_category":0},"product_brand":[],"product_cat":[27,23],"product_tag":[],"class_list":{"0":"post-578","1":"product","2":"type-product","3":"status-publish","4":"has-post-thumbnail","6":"product_cat-bouquets-avec-chocolats","7":"product_cat-bon-plans","9":"first","10":"instock","11":"sale","12":"shipping-taxable","13":"purchasable","14":"product-type-simple"},"_links":{"self":[{"href":"https:\/\/rscadeau.com\/index.php\/wp-json\/wp\/v2\/product\/578","targetHints":{"allow":["GET"]}}],"collection":[{"href":"https:\/\/rscadeau.com\/index.php\/wp-json\/wp\/v2\/product"}],"about":[{"href":"https:\/\/rscadeau.com\/index.php\/wp-json\/wp\/v2\/types\/product"}],"replies":[{"embeddable":true,"href":"https:\/\/rscadeau.com\/index.php\/wp-json\/wp\/v2\/comments?post=578"}],"wp:featuredmedia":[{"embeddable":true,"href":"https:\/\/rscadeau.com\/index.php\/wp-json\/wp\/v2\/media\/579"}],"wp:attachment":[{"href":"https:\/\/rscadeau.com\/index.php\/wp-json\/wp\/v2\/media?parent=578"}],"wp:term":[{"taxonomy":"product_brand","embeddable":true,"href":"https:\/\/rscadeau.com\/index.php\/wp-json\/wp\/v2\/product_brand?post=578"},{"taxonomy":"product_cat","embeddable":true,"href":"https:\/\/rscadeau.com\/index.php\/wp-json\/wp\/v2\/product_cat?post=578"},{"taxonomy":"product_tag","embeddable":true,"href":"https:\/\/rscadeau.com\/index.php\/wp-json\/wp\/v2\/product_tag?post=578"}],"curies":[{"name":"wp","href":"https:\/\/api.w.org\/{rel}","templated":true}]}}