{"id":626,"date":"2026-02-28T13:28:29","date_gmt":"2026-02-28T13:28:29","guid":{"rendered":"https:\/\/rscadeau.com\/?post_type=product&#038;p=626"},"modified":"2026-04-06T19:11:33","modified_gmt":"2026-04-06T19:11:33","slug":"nouveau-ne","status":"publish","type":"product","link":"https:\/\/rscadeau.com\/index.php\/product\/nouveau-ne\/","title":{"rendered":"Nouveau-N\u00e9"},"content":{"rendered":"<p data-start=\"82\" data-end=\"121\">\ud83d\udc99\ud83d\udc97 <strong data-start=\"87\" data-end=\"114\">Box Sp\u00e9ciale Nouveau-N\u00e9<\/strong> \ud83d\udc97\ud83d\udc99<\/p>\n<p data-start=\"123\" data-end=\"154\">Bienvenue au petit tr\u00e9sor \ud83c\udf7c\u2728<\/p>\n<p data-start=\"156\" data-end=\"304\">Une magnifique box compos\u00e9e de :<br data-start=\"188\" data-end=\"191\" \/>\ud83e\uddf8 Peluche douce<br data-start=\"207\" data-end=\"210\" \/>\ud83c\udf38 Fleurs fra\u00eeches<br data-start=\"228\" data-end=\"231\" \/>\ud83c\udf6b Chocolats pour les parents<br data-start=\"260\" data-end=\"263\" \/>\ud83c\udf80 Accessoires b\u00e9b\u00e9 selon disponibilit\u00e9<\/p>\n<p data-start=\"306\" data-end=\"391\">\ud83c\udf81 Le cadeau parfait pour f\u00e9liciter les nouveaux parents et c\u00e9l\u00e9brer une naissance.<\/p>\n","protected":false},"excerpt":{"rendered":"<p>Un tendre cadeau pour c\u00e9l\u00e9brer l\u2019arriv\u00e9e de b\u00e9b\u00e9 \ud83c\udf7c\u2728<\/p>\n","protected":false},"featured_media":627,"comment_status":"open","ping_status":"closed","template":"","meta":{"_monsterinsights_skip_tracking":false,"_monsterinsights_sitenote_active":false,"_monsterinsights_sitenote_note":"","_monsterinsights_sitenote_category":0},"product_brand":[],"product_cat":[23,22],"product_tag":[],"class_list":{"0":"post-626","1":"product","2":"type-product","3":"status-publish","4":"has-post-thumbnail","6":"product_cat-bon-plans","7":"product_cat-pack","9":"first","10":"instock","11":"sale","12":"shipping-taxable","13":"purchasable","14":"product-type-simple"},"_links":{"self":[{"href":"https:\/\/rscadeau.com\/index.php\/wp-json\/wp\/v2\/product\/626","targetHints":{"allow":["GET"]}}],"collection":[{"href":"https:\/\/rscadeau.com\/index.php\/wp-json\/wp\/v2\/product"}],"about":[{"href":"https:\/\/rscadeau.com\/index.php\/wp-json\/wp\/v2\/types\/product"}],"replies":[{"embeddable":true,"href":"https:\/\/rscadeau.com\/index.php\/wp-json\/wp\/v2\/comments?post=626"}],"wp:featuredmedia":[{"embeddable":true,"href":"https:\/\/rscadeau.com\/index.php\/wp-json\/wp\/v2\/media\/627"}],"wp:attachment":[{"href":"https:\/\/rscadeau.com\/index.php\/wp-json\/wp\/v2\/media?parent=626"}],"wp:term":[{"taxonomy":"product_brand","embeddable":true,"href":"https:\/\/rscadeau.com\/index.php\/wp-json\/wp\/v2\/product_brand?post=626"},{"taxonomy":"product_cat","embeddable":true,"href":"https:\/\/rscadeau.com\/index.php\/wp-json\/wp\/v2\/product_cat?post=626"},{"taxonomy":"product_tag","embeddable":true,"href":"https:\/\/rscadeau.com\/index.php\/wp-json\/wp\/v2\/product_tag?post=626"}],"curies":[{"name":"wp","href":"https:\/\/api.w.org\/{rel}","templated":true}]}}